{"id":55556,"date":"2024-02-05T19:09:02","date_gmt":"2024-02-05T17:09:02","guid":{"rendered":"https:\/\/2.demo.its360.lt\/cart\/"},"modified":"2024-02-20T11:57:21","modified_gmt":"2024-02-20T09:57:21","slug":"cart","status":"publish","type":"page","link":"https:\/\/pasbobute.lt\/en\/cart\/","title":{"rendered":"Cart"},"content":{"rendered":"<div data-block-name=\"woocommerce\/cart\" class=\"wp-block-woocommerce-cart alignwide is-loading\"><div data-block-name=\"woocommerce\/filled-cart-block\" class=\"wp-block-woocommerce-filled-cart-block\"><div data-block-name=\"woocommerce\/cart-items-block\" class=\"wp-block-woocommerce-cart-items-block\"><div data-block-name=\"woocommerce\/cart-line-items-block\" class=\"wp-block-woocommerce-cart-line-items-block\"><\/div>\n\n<div data-block-name=\"woocommerce\/cart-cross-sells-block\" class=\"wp-block-woocommerce-cart-cross-sells-block\"><h2 class=\"wp-block-heading has-large-font-size\">You may be interested in\u2026<\/h2>\n\n<div data-block-name=\"woocommerce\/cart-cross-sells-products-block\" class=\"wp-block-woocommerce-cart-cross-sells-products-block\"><\/div><\/div><\/div>\n\n<div data-block-name=\"woocommerce\/cart-totals-block\" class=\"wp-block-woocommerce-cart-totals-block\"><div data-block-name=\"woocommerce\/cart-order-summary-block\" class=\"wp-block-woocommerce-cart-order-summary-block\"><div data-block-name=\"woocommerce\/cart-order-summary-heading-block\" class=\"wp-block-woocommerce-cart-order-summary-heading-block\"><\/div><div data-block-name=\"woocommerce\/cart-order-summary-coupon-form-block\" class=\"wp-block-woocommerce-cart-order-summary-coupon-form-block\"><\/div><div data-block-name=\"woocommerce\/cart-order-summary-totals-block\" class=\"wp-block-woocommerce-cart-order-summary-totals-block\">\n<div data-block-name=\"woocommerce\/cart-order-summary-subtotal-block\" class=\"wp-block-woocommerce-cart-order-summary-subtotal-block\"><\/div>\n<div data-block-name=\"woocommerce\/cart-order-summary-discount-block\" class=\"wp-block-woocommerce-cart-order-summary-discount-block\"><\/div>\n<div data-block-name=\"woocommerce\/cart-order-summary-fee-block\" class=\"wp-block-woocommerce-cart-order-summary-fee-block\"><\/div>\n<div data-block-name=\"woocommerce\/cart-order-summary-shipping-block\" class=\"wp-block-woocommerce-cart-order-summary-shipping-block\"><\/div>\n<div data-block-name=\"woocommerce\/cart-order-summary-taxes-block\" class=\"wp-block-woocommerce-cart-order-summary-taxes-block\"><\/div><\/div><\/div>\n\n<div data-block-name=\"woocommerce\/cart-express-payment-block\" class=\"wp-block-woocommerce-cart-express-payment-block\"><\/div>\n\n<div data-block-name=\"woocommerce\/proceed-to-checkout-block\" class=\"wp-block-woocommerce-proceed-to-checkout-block\"><\/div>\n\n<div data-block-name=\"woocommerce\/cart-accepted-payment-methods-block\" class=\"wp-block-woocommerce-cart-accepted-payment-methods-block\"><\/div><\/div><\/div>\n\n<div data-block-name=\"woocommerce\/empty-cart-block\" class=\"wp-block-woocommerce-empty-cart-block\"><h2 class=\"wp-block-heading has-text-align-center with-empty-cart-icon wc-block-cart__empty-cart__title\">J\u016bs\u0173 krep\u0161elis kol kas tu\u0161\u010dias.<\/h2>\n\n<hr class=\"wp-block-separator has-alpha-channel-opacity is-style-dots\"\/>\n\n<h2 class=\"wp-block-heading has-text-align-center\">Naujausi produktai<\/h2>\n\n<div data-block-name=\"woocommerce\/product-new\" data-columns=\"4\" data-rows=\"1\" class=\"wc-block-grid wp-block-product-new wp-block-woocommerce-product-new wc-block-product-new has-4-columns\"><ul class=\"wc-block-grid__products\"><li class=\"wc-block-grid__product\">\n\t\t\t\t<a href=\"https:\/\/pasbobute.lt\/en\/parduotuve\/quince-products\/quince-candies\/\" class=\"wc-block-grid__product-link\">\n\t\t\t\t\t\n\t\t\t\t\t<div class=\"wc-block-grid__product-image\"><img fetchpriority=\"high\" decoding=\"async\" width=\"1200\" height=\"1200\" src=\"https:\/\/pasbobute.lt\/wp-content\/uploads\/2024\/04\/svarainiu_saldainiai_100_PasBobute-1200x1200.jpg\" class=\"attachment-woocommerce_thumbnail size-woocommerce_thumbnail\" alt=\"svaraini\u0173 saldainiukai\" srcset=\"https:\/\/pasbobute.lt\/wp-content\/uploads\/2024\/04\/svarainiu_saldainiai_100_PasBobute-1200x1200.jpg 1200w, https:\/\/pasbobute.lt\/wp-content\/uploads\/2024\/04\/svarainiu_saldainiai_100_PasBobute-300x300.jpg 300w, https:\/\/pasbobute.lt\/wp-content\/uploads\/2024\/04\/svarainiu_saldainiai_100_PasBobute-1024x1024.jpg 1024w, https:\/\/pasbobute.lt\/wp-content\/uploads\/2024\/04\/svarainiu_saldainiai_100_PasBobute-150x150.jpg 150w, https:\/\/pasbobute.lt\/wp-content\/uploads\/2024\/04\/svarainiu_saldainiai_100_PasBobute-768x768.jpg 768w, https:\/\/pasbobute.lt\/wp-content\/uploads\/2024\/04\/svarainiu_saldainiai_100_PasBobute-1536x1536.jpg 1536w, https:\/\/pasbobute.lt\/wp-content\/uploads\/2024\/04\/svarainiu_saldainiai_100_PasBobute-200x200.jpg 200w, https:\/\/pasbobute.lt\/wp-content\/uploads\/2024\/04\/svarainiu_saldainiai_100_PasBobute.jpg 2048w\" sizes=\"(max-width: 1200px) 100vw, 1200px\" \/><\/div>\n\t\t\t\t\t<div class=\"wc-block-grid__product-title\">Quince candies<\/div>\n\t\t\t\t<\/a>\n\t\t\t\t<div class=\"wc-block-grid__product-price price\"><span class=\"woocommerce-Price-amount amount\">5,00&nbsp;<span class=\"woocommerce-Price-currencySymbol\">&euro;<\/span><\/span> &ndash; <span class=\"woocommerce-Price-amount amount\">14,00&nbsp;<span class=\"woocommerce-Price-currencySymbol\">&euro;<\/span><\/span><\/div>\n\t\t\t\t\n\t\t\t\t<div class=\"wp-block-button wc-block-grid__product-add-to-cart\"><a href=\"https:\/\/pasbobute.lt\/en\/parduotuve\/quince-products\/quince-candies\/\" aria-label=\"Select options for &ldquo;Quince candies&rdquo;\" data-quantity=\"1\" data-product_id=\"58653\" data-product_sku=\"\" data-price=\"5\" rel=\"nofollow\" class=\"wp-block-button__link  add_to_cart_button\">Select options<\/a><\/div>\n\t\t\t<\/li><li class=\"wc-block-grid__product\">\n\t\t\t\t<a href=\"https:\/\/pasbobute.lt\/en\/parduotuve\/jams-spreads\/quince-jam-with-chili\/\" class=\"wc-block-grid__product-link\">\n\t\t\t\t\t\n\t\t\t\t\t<div class=\"wc-block-grid__product-image\"><img decoding=\"async\" width=\"1200\" height=\"1200\" src=\"https:\/\/pasbobute.lt\/wp-content\/uploads\/2023\/12\/svarainiu_uogiene_cili_PasBobute-1-1200x1200.jpg\" class=\"attachment-woocommerce_thumbnail size-woocommerce_thumbnail\" alt=\"Quince jam with chili\" srcset=\"https:\/\/pasbobute.lt\/wp-content\/uploads\/2023\/12\/svarainiu_uogiene_cili_PasBobute-1-1200x1200.jpg 1200w, https:\/\/pasbobute.lt\/wp-content\/uploads\/2023\/12\/svarainiu_uogiene_cili_PasBobute-1-300x300.jpg 300w, https:\/\/pasbobute.lt\/wp-content\/uploads\/2023\/12\/svarainiu_uogiene_cili_PasBobute-1-1024x1024.jpg 1024w, https:\/\/pasbobute.lt\/wp-content\/uploads\/2023\/12\/svarainiu_uogiene_cili_PasBobute-1-150x150.jpg 150w, https:\/\/pasbobute.lt\/wp-content\/uploads\/2023\/12\/svarainiu_uogiene_cili_PasBobute-1-768x768.jpg 768w, https:\/\/pasbobute.lt\/wp-content\/uploads\/2023\/12\/svarainiu_uogiene_cili_PasBobute-1-1536x1536.jpg 1536w, https:\/\/pasbobute.lt\/wp-content\/uploads\/2023\/12\/svarainiu_uogiene_cili_PasBobute-1-200x200.jpg 200w, https:\/\/pasbobute.lt\/wp-content\/uploads\/2023\/12\/svarainiu_uogiene_cili_PasBobute-1.jpg 2048w\" sizes=\"(max-width: 1200px) 100vw, 1200px\" \/><\/div>\n\t\t\t\t\t<div class=\"wc-block-grid__product-title\">Quince jam with chili<\/div>\n\t\t\t\t<\/a>\n\t\t\t\t<div class=\"wc-block-grid__product-price price\"><span class=\"woocommerce-Price-amount amount\">6,00&nbsp;<span class=\"woocommerce-Price-currencySymbol\">&euro;<\/span><\/span><\/div>\n\t\t\t\t\n\t\t\t\t<div class=\"wp-block-button wc-block-grid__product-add-to-cart\"><a href=\"?add-to-cart=57830\" aria-label=\"Add to cart: &ldquo;Quince jam with chili&rdquo;\" data-quantity=\"1\" data-product_id=\"57830\" data-product_sku=\"Uogien\u0117\" data-price=\"6\" rel=\"nofollow\" class=\"wp-block-button__link  add_to_cart_button ajax_add_to_cart\">Add to cart<\/a><\/div>\n\t\t\t<\/li><li class=\"wc-block-grid__product\">\n\t\t\t\t<a href=\"https:\/\/pasbobute.lt\/en\/parduotuve\/tea\/quince-syrup-for-tea-with-raspberries\/\" class=\"wc-block-grid__product-link\">\n\t\t\t\t\t\n\t\t\t\t\t<div class=\"wc-block-grid__product-image\"><img decoding=\"async\" width=\"1200\" height=\"1201\" src=\"https:\/\/pasbobute.lt\/wp-content\/uploads\/2023\/12\/Svarainiu_sirupas_su_avietem_PasBobute-1-1200x1201.jpg\" class=\"attachment-woocommerce_thumbnail size-woocommerce_thumbnail\" alt=\"Quince syrup for tea with raspberries\" srcset=\"https:\/\/pasbobute.lt\/wp-content\/uploads\/2023\/12\/Svarainiu_sirupas_su_avietem_PasBobute-1-1200x1201.jpg 1200w, https:\/\/pasbobute.lt\/wp-content\/uploads\/2023\/12\/Svarainiu_sirupas_su_avietem_PasBobute-1-300x300.jpg 300w, https:\/\/pasbobute.lt\/wp-content\/uploads\/2023\/12\/Svarainiu_sirupas_su_avietem_PasBobute-1-1024x1024.jpg 1024w, https:\/\/pasbobute.lt\/wp-content\/uploads\/2023\/12\/Svarainiu_sirupas_su_avietem_PasBobute-1-150x150.jpg 150w, https:\/\/pasbobute.lt\/wp-content\/uploads\/2023\/12\/Svarainiu_sirupas_su_avietem_PasBobute-1-768x768.jpg 768w, https:\/\/pasbobute.lt\/wp-content\/uploads\/2023\/12\/Svarainiu_sirupas_su_avietem_PasBobute-1-1536x1536.jpg 1536w, https:\/\/pasbobute.lt\/wp-content\/uploads\/2023\/12\/Svarainiu_sirupas_su_avietem_PasBobute-1-200x200.jpg 200w, https:\/\/pasbobute.lt\/wp-content\/uploads\/2023\/12\/Svarainiu_sirupas_su_avietem_PasBobute-1.jpg 2047w\" sizes=\"(max-width: 1200px) 100vw, 1200px\" \/><\/div>\n\t\t\t\t\t<div class=\"wc-block-grid__product-title\">Quince syrup for tea with raspberries<\/div>\n\t\t\t\t<\/a>\n\t\t\t\t<div class=\"wc-block-grid__product-price price\"><span class=\"woocommerce-Price-amount amount\">7,00&nbsp;<span class=\"woocommerce-Price-currencySymbol\">&euro;<\/span><\/span><\/div>\n\t\t\t\t\n\t\t\t\t<div class=\"wp-block-button wc-block-grid__product-add-to-cart\"><a href=\"?add-to-cart=57827\" aria-label=\"Add to cart: &ldquo;Quince syrup for tea with raspberries&rdquo;\" data-quantity=\"1\" data-product_id=\"57827\" data-product_sku=\"Arbata\" data-price=\"7\" rel=\"nofollow\" class=\"wp-block-button__link  add_to_cart_button ajax_add_to_cart\">Add to cart<\/a><\/div>\n\t\t\t<\/li><li class=\"wc-block-grid__product\">\n\t\t\t\t<a href=\"https:\/\/pasbobute.lt\/en\/parduotuve\/hemp-products\/cbd-day-cream-300-mg\/\" class=\"wc-block-grid__product-link\">\n\t\t\t\t\t\n\t\t\t\t\t<div class=\"wc-block-grid__product-image\"><img loading=\"lazy\" decoding=\"async\" width=\"1200\" height=\"1200\" src=\"https:\/\/pasbobute.lt\/wp-content\/uploads\/2022\/11\/CBD_veido_kremas_dienai_PasBobute-1-1200x1200.jpg\" class=\"attachment-woocommerce_thumbnail size-woocommerce_thumbnail\" alt=\"CBD Day cream 300 mg\" srcset=\"https:\/\/pasbobute.lt\/wp-content\/uploads\/2022\/11\/CBD_veido_kremas_dienai_PasBobute-1-1200x1200.jpg 1200w, https:\/\/pasbobute.lt\/wp-content\/uploads\/2022\/11\/CBD_veido_kremas_dienai_PasBobute-1-300x300.jpg 300w, https:\/\/pasbobute.lt\/wp-content\/uploads\/2022\/11\/CBD_veido_kremas_dienai_PasBobute-1-1024x1024.jpg 1024w, https:\/\/pasbobute.lt\/wp-content\/uploads\/2022\/11\/CBD_veido_kremas_dienai_PasBobute-1-150x150.jpg 150w, https:\/\/pasbobute.lt\/wp-content\/uploads\/2022\/11\/CBD_veido_kremas_dienai_PasBobute-1-768x768.jpg 768w, https:\/\/pasbobute.lt\/wp-content\/uploads\/2022\/11\/CBD_veido_kremas_dienai_PasBobute-1-1536x1536.jpg 1536w, https:\/\/pasbobute.lt\/wp-content\/uploads\/2022\/11\/CBD_veido_kremas_dienai_PasBobute-1-200x200.jpg 200w, https:\/\/pasbobute.lt\/wp-content\/uploads\/2022\/11\/CBD_veido_kremas_dienai_PasBobute-1.jpg 2048w\" sizes=\"(max-width: 1200px) 100vw, 1200px\" \/><\/div>\n\t\t\t\t\t<div class=\"wc-block-grid__product-title\">CBD Day cream 300 mg<\/div>\n\t\t\t\t<\/a>\n\t\t\t\t<div class=\"wc-block-grid__product-price price\"><span class=\"woocommerce-Price-amount amount\">29,00&nbsp;<span class=\"woocommerce-Price-currencySymbol\">&euro;<\/span><\/span><\/div>\n\t\t\t\t\n\t\t\t\t<div class=\"wp-block-button wc-block-grid__product-add-to-cart\"><a href=\"?add-to-cart=57821\" aria-label=\"Add to cart: &ldquo;CBD Day cream 300 mg&rdquo;\" data-quantity=\"1\" data-product_id=\"57821\" data-product_sku=\"kosmetika\" data-price=\"29\" rel=\"nofollow\" class=\"wp-block-button__link  add_to_cart_button ajax_add_to_cart\">Add to cart<\/a><\/div>\n\t\t\t<\/li><\/ul><\/div><\/div><\/div>","protected":false},"excerpt":{"rendered":"","protected":false},"author":1,"featured_media":0,"parent":0,"menu_order":0,"comment_status":"closed","ping_status":"closed","template":"","meta":{"footnotes":""},"class_list":["post-55556","page","type-page","status-publish","hentry","description-off"],"aioseo_notices":[],"_links":{"self":[{"href":"https:\/\/pasbobute.lt\/en\/wp-json\/wp\/v2\/pages\/55556","targetHints":{"allow":["GET"]}}],"collection":[{"href":"https:\/\/pasbobute.lt\/en\/wp-json\/wp\/v2\/pages"}],"about":[{"href":"https:\/\/pasbobute.lt\/en\/wp-json\/wp\/v2\/types\/page"}],"author":[{"embeddable":true,"href":"https:\/\/pasbobute.lt\/en\/wp-json\/wp\/v2\/users\/1"}],"replies":[{"embeddable":true,"href":"https:\/\/pasbobute.lt\/en\/wp-json\/wp\/v2\/comments?post=55556"}],"version-history":[{"count":0,"href":"https:\/\/pasbobute.lt\/en\/wp-json\/wp\/v2\/pages\/55556\/revisions"}],"wp:attachment":[{"href":"https:\/\/pasbobute.lt\/en\/wp-json\/wp\/v2\/media?parent=55556"}],"curies":[{"name":"wp","href":"https:\/\/api.w.org\/{rel}","templated":true}]}}