{"id":55558,"date":"2024-02-05T19:09:02","date_gmt":"2024-02-05T17:09:02","guid":{"rendered":"https:\/\/2.demo.its360.lt\/my-account\/"},"modified":"2024-02-20T11:57:22","modified_gmt":"2024-02-20T09:57:22","slug":"my-account","status":"publish","type":"page","link":"https:\/\/pasbobute.lt\/en\/my-account\/","title":{"rendered":"My Account"},"content":{"rendered":"\t\t<div data-elementor-type=\"wp-page\" data-elementor-id=\"55558\" class=\"elementor elementor-55558 elementor-54710\" data-elementor-post-type=\"page\">\n\t\t\t\t<div class=\"elementor-element elementor-element-34b88de9 e-flex e-con-boxed e-con e-parent\" data-id=\"34b88de9\" data-element_type=\"container\">\n\t\t\t\t\t<div class=\"e-con-inner\">\n\t\t\t\t<div class=\"elementor-element elementor-element-08247a3 e-my-account-tabs-vertical elementor-widget elementor-widget-woocommerce-my-account\" data-id=\"08247a3\" data-element_type=\"widget\" data-settings=\"{&quot;customize_dashboard_check&quot;:&quot;yes&quot;}\" data-widget_type=\"woocommerce-my-account.default\">\n\t\t\t\t<div class=\"elementor-widget-container\">\n\t\t\t\t\t<div class=\"e-my-account-tab e-my-account-tab__ \">\t\t\t<div class=\"woocommerce\"><\/div>\t\t<\/div>\n\t\t\t\t\t\t<\/div>\n\t\t\t\t<\/div>\n\t\t\t\t\t<\/div>\n\t\t\t\t<\/div>\n\t\t\t\t<\/div>\n\t\t","protected":false},"excerpt":{"rendered":"<p>Dashboard Orders Downloads Addresses Account Details Logout Sveiki, ignasr! (J\u016bs ne ignasr? Atsijunkite) Paskyroje galite per\u017ei\u016br\u0117ti savo u\u017esakymus, redaguoti savoregistracijos ir pristatymo adresus bei keisti slapta\u017eod\u012f ir kitus paskyros duomenis.<\/p>\n","protected":false},"author":1,"featured_media":0,"parent":0,"menu_order":0,"comment_status":"closed","ping_status":"closed","template":"","meta":{"footnotes":""},"class_list":["post-55558","page","type-page","status-publish","hentry"],"aioseo_notices":[],"_links":{"self":[{"href":"https:\/\/pasbobute.lt\/en\/wp-json\/wp\/v2\/pages\/55558","targetHints":{"allow":["GET"]}}],"collection":[{"href":"https:\/\/pasbobute.lt\/en\/wp-json\/wp\/v2\/pages"}],"about":[{"href":"https:\/\/pasbobute.lt\/en\/wp-json\/wp\/v2\/types\/page"}],"author":[{"embeddable":true,"href":"https:\/\/pasbobute.lt\/en\/wp-json\/wp\/v2\/users\/1"}],"replies":[{"embeddable":true,"href":"https:\/\/pasbobute.lt\/en\/wp-json\/wp\/v2\/comments?post=55558"}],"version-history":[{"count":0,"href":"https:\/\/pasbobute.lt\/en\/wp-json\/wp\/v2\/pages\/55558\/revisions"}],"wp:attachment":[{"href":"https:\/\/pasbobute.lt\/en\/wp-json\/wp\/v2\/media?parent=55558"}],"curies":[{"name":"wp","href":"https:\/\/api.w.org\/{rel}","templated":true}]}}