{"id":57092,"date":"2024-02-05T17:30:47","date_gmt":"2024-02-05T15:30:47","guid":{"rendered":"https:\/\/2.demo.its360.lt\/about-us\/"},"modified":"2024-02-22T08:26:22","modified_gmt":"2024-02-22T06:26:22","slug":"about-us","status":"publish","type":"page","link":"https:\/\/pasbobute.lt\/en\/about-us\/","title":{"rendered":"About us"},"content":{"rendered":"\t\t<div data-elementor-type=\"wp-page\" data-elementor-id=\"57092\" class=\"elementor elementor-57092 elementor-54713\" data-elementor-post-type=\"page\">\n\t\t\t\t<div class=\"elementor-element elementor-element-f6fc3b9 e-flex e-con-boxed e-con e-parent\" data-id=\"f6fc3b9\" data-element_type=\"container\">\n\t\t\t\t\t<div class=\"e-con-inner\">\n\t\t\t\t<div class=\"elementor-element elementor-element-d04c14a elementor-widget elementor-widget-the7-heading\" data-id=\"d04c14a\" data-element_type=\"widget\" data-widget_type=\"the7-heading.default\">\n\t\t\t\t<div class=\"elementor-widget-container\">\n\t\t\t\t\t<h2 class=\"the7-heading-title elementor-size-default\"><h3 style=\"margin-top: 18px; margin-bottom: 0in; line-height: 1.5; color: rgb(72, 39, 0); font-family: Verdana;\"><strong>UAB \u201ePas Bobut\u0119\u201c- nat\u016brali\u0173 ir sveik\u0173 produkt\u0173 internetin\u0117 parduotuv\u0117.<\/strong><\/h3><\/h2>\t\t\t\t<\/div>\n\t\t\t\t<\/div>\n\t\t\t\t<div class=\"elementor-element elementor-element-f4a3cf9 elementor-widget elementor-widget-video\" data-id=\"f4a3cf9\" data-element_type=\"widget\" data-settings=\"{&quot;youtube_url&quot;:&quot;https:\\\/\\\/youtu.be\\\/pbM0l7rTG6w&quot;,&quot;video_type&quot;:&quot;youtube&quot;,&quot;controls&quot;:&quot;yes&quot;}\" data-widget_type=\"video.default\">\n\t\t\t\t<div class=\"elementor-widget-container\">\n\t\t\t\t\t\t\t<div class=\"elementor-wrapper elementor-open-inline\">\n\t\t\t<div class=\"elementor-video\"><\/div>\t\t<\/div>\n\t\t\t\t\t\t<\/div>\n\t\t\t\t<\/div>\n\t\t\t\t<div class=\"elementor-element elementor-element-224239a2 elementor-widget elementor-widget-text-editor\" data-id=\"224239a2\" data-element_type=\"widget\" data-widget_type=\"text-editor.default\">\n\t\t\t\t<div class=\"elementor-widget-container\">\n\t\t\t\t\t\t\t\t\t<p style=\"margin-top: 18px; margin-bottom: 0in; padding: 0px; line-height: 1.5; color: #482700; font-family: Verdana;\">We are a family with three children who have been working with spices, teas and various natural products for ten years. We really like and appreciate natural, high-quality, healthier products. We want to use good products ourselves and offer you the opportunity to purchase quality goods. Therefore, an online store of food products and other natural products produced by small farmers and family businesses was established. We know our suppliers and their products very well, so we can offer you a quality service (consulting) system. We will sincerely advise and help you choose.<\/p>\n<p style=\"margin-top: 18px; margin-bottom: 0in; padding: 0px; line-height: 1.5; color: #482700; font-family: Verdana;\"><b>&#8220;Pas Bobut\u0117&#8221;<\/b> branded products:<\/p>\n<p style=\"margin-top: 18px; margin-bottom: 0in; padding: 0px; line-height: 1.5; color: #482700; font-family: Verdana;\">&#8211; <b>Cannabis products<\/b>. Suk\u016br\u0117me labai pla\u010di\u0105 pluo\u0161tini\u0173 kanapi\u0173 produkt\u0173 linij\u0105, kur rasite ne tik arbat\u0105 ar baltymus, bet ir k\u016bno prie\u017ei\u016bros, pirties, sveikatos prie\u017ei\u016bros priemones. We are very interested in hemp, so we will be happy to share our knowledge with you, provide advice on how to use hemp products in the kitchen or for health improvement, and how to distinguish between the benefits of hemp seed oil and hemp oil (CBD).<\/p>\n<p style=\"margin-top: 18px; margin-bottom: 0in; padding: 0px; line-height: 1.5; color: #482700; font-family: Verdana;\">&#8211; <b>Teas<\/b>. After tasting our teas, you will understand why we chose them. Among the huge offer in the world, we have selected the highest quality, delicately flavored traditional (white, black and green tea), spiced and various herbal teas.<\/p>\n<p style=\"margin-top: 18px; margin-bottom: 0in; padding: 0px; line-height: 1.5; color: #482700; font-family: Verdana;\">&#8211; <b>Spices<\/b>. Among the wide selection of pure, natural spices, we offer you to try our natural, salt- and flavoring-free mixtures. We believe that we will be able to surprise you.. \ud83d\ude42 You can always ask for advice on your desired improvisation in the kitchen or the use of spices to improve health.<\/p>\n<p style=\"margin-top: 18px; margin-bottom: 0in; padding: 0px; line-height: 1.5; color: #482700; font-family: Verdana;\"> <b>Every day we create, search, try<\/b> something new&#8230; it&#8217;s like a habit and our usual activity \ud83d\ude42 So we constantly introduce innovations to our assortment. You can always visit our shop and taste, familiarize yourself with our products and their fragrances. If you don&#8217;t have time for that, just trust our taste and order from our e-shop&#8230;;)<\/p>\n<p style=\"margin-top: 18px; margin-bottom: 0in; padding: 0px; line-height: 1.5; color: #482700; font-family: Verdana;\"><strong style=\"margin: 0px; padding: 0px;\">Our goal<\/strong> is to find like-minded people, friends with whom we can communicate and cooperate. We aim that after purchasing a product in our online store, you will receive all the information and consultation you are interested in, so that you would like to come back here again.<\/p>\n<p style=\"margin-top: 18px; margin-bottom: 0in; padding: 0px; line-height: 1.5; color: #482700; font-family: Verdana;\">We aim to give you satisfaction.<\/p>\n<p style=\"margin-top: 18px; margin-bottom: 0in; padding: 0px; line-height: 1.5; color: #482700; font-family: Verdana;\"><b>We positively influence your health&#8230;<\/b><\/p>\n\n<h3 style=\"margin-top: 18px; margin-bottom: 0in; padding: 0px; line-height: 1.5; color: #482700; font-family: Verdana;\"><strong style=\"margin: 0px; padding: 0px;\">ABOUT SHIPPING:<\/strong><\/h3>\n<p style=\"margin-top: 18px; margin-bottom: 0in; padding: 0px; line-height: 1.5; color: #482700; font-family: Verdana;\">We deliver products by mail, parcel machines. So you can pick up the goods at the nearest department at a convenient time for you.\nWe ship goods all over the world, wherever you live, as long as the mail reaches you&#8230;:)<\/p>\n<p style=\"margin-top: 18px; margin-bottom: 0in; padding: 0px; line-height: 1.5; color: #482700; font-family: Verdana;\"><b>With respect, <\/b><\/p>\n<p style=\"margin-top: 18px; margin-bottom: 0in; padding: 0px; line-height: 1.5; color: #482700; font-family: Verdana;\"><b>UAB &#8220;Pas Bobut\u0119&#8221;\n<\/b><\/p>\t\t\t\t\t\t\t\t<\/div>\n\t\t\t\t<\/div>\n\t\t\t\t\t<\/div>\n\t\t\t\t<\/div>\n\t\t\t\t<\/div>\n\t\t","protected":false},"excerpt":{"rendered":"<p>UAB \u201ePas Bobut\u0119\u201c- nat\u016brali\u0173 ir sveik\u0173 produkt\u0173 internetin\u0117 parduotuv\u0117. https:\/\/youtu.be\/pbM0l7rTG6w We are a family with three children who have been working with spices, teas and various natural products for ten years. We really like and appreciate natural, high-quality, healthier products. We want to use good products ourselves and offer you the opportunity to purchase quality&hellip;<\/p>\n","protected":false},"author":1,"featured_media":0,"parent":0,"menu_order":1,"comment_status":"closed","ping_status":"closed","template":"","meta":{"footnotes":""},"class_list":["post-57092","page","type-page","status-publish","hentry"],"aioseo_notices":[],"_links":{"self":[{"href":"https:\/\/pasbobute.lt\/en\/wp-json\/wp\/v2\/pages\/57092","targetHints":{"allow":["GET"]}}],"collection":[{"href":"https:\/\/pasbobute.lt\/en\/wp-json\/wp\/v2\/pages"}],"about":[{"href":"https:\/\/pasbobute.lt\/en\/wp-json\/wp\/v2\/types\/page"}],"author":[{"embeddable":true,"href":"https:\/\/pasbobute.lt\/en\/wp-json\/wp\/v2\/users\/1"}],"replies":[{"embeddable":true,"href":"https:\/\/pasbobute.lt\/en\/wp-json\/wp\/v2\/comments?post=57092"}],"version-history":[{"count":0,"href":"https:\/\/pasbobute.lt\/en\/wp-json\/wp\/v2\/pages\/57092\/revisions"}],"wp:attachment":[{"href":"https:\/\/pasbobute.lt\/en\/wp-json\/wp\/v2\/media?parent=57092"}],"curies":[{"name":"wp","href":"https:\/\/api.w.org\/{rel}","templated":true}]}}