{"id":57160,"date":"2021-11-24T18:35:10","date_gmt":"2021-11-24T16:35:10","guid":{"rendered":"https:\/\/2.demo.its360.lt\/cart-2\/"},"modified":"2024-03-14T23:15:11","modified_gmt":"2024-03-14T21:15:11","slug":"cart-2","status":"publish","type":"page","link":"https:\/\/pasbobute.lt\/en\/cart-2\/","title":{"rendered":"Cart"},"content":{"rendered":"\t\t<div data-elementor-type=\"wp-page\" data-elementor-id=\"57160\" class=\"elementor elementor-57160 elementor-54531\" data-elementor-post-type=\"page\">\n\t\t\t\t\t\t<section class=\"elementor-section elementor-top-section elementor-element elementor-element-287015f elementor-section-boxed elementor-section-height-default elementor-section-height-default\" data-id=\"287015f\" data-element_type=\"section\">\n\t\t\t\t\t\t<div class=\"elementor-container elementor-column-gap-wide\">\n\t\t\t\t\t<div class=\"elementor-column elementor-col-100 elementor-top-column elementor-element elementor-element-869143d\" data-id=\"869143d\" data-element_type=\"column\">\n\t\t\t<div class=\"elementor-widget-wrap elementor-element-populated\">\n\t\t\t\t\t\t\t<\/div>\n\t\t<\/div>\n\t\t\t\t\t<\/div>\n\t\t<\/section>\n\t\t\t\t<\/div>\n\t\t","protected":false},"excerpt":{"rendered":"<p>Pa\u0161alinti prek\u0119 Thumbnail image Produktas Kaina Kiekis Suma &times; Svaraini\u0173 sirupas arbatai su aviet\u0117mis ir imbieru 7,00&nbsp;&euro; produkto kiekis: Svaraini\u0173 sirupas arbatai su aviet\u0117mis ir imbieru&nbsp; 14,00&nbsp;&euro; &times; Svaraini\u0173 sirupas arbatai su aviet\u0117mis 7,00&nbsp;&euro; produkto kiekis: Svaraini\u0173 sirupas arbatai su aviet\u0117mis &nbsp; 7,00&nbsp;&euro; &times; Dovan\u0173 rinkinys &#8220;\u0160altalankis&#8221; 19,00&nbsp;&euro; produkto kiekis: Dovan\u0173 rinkinys &quot;\u0160altalankis&quot;&nbsp; 38,00&nbsp;&euro; Apply&hellip;<\/p>\n","protected":false},"author":1,"featured_media":0,"parent":0,"menu_order":200,"comment_status":"closed","ping_status":"closed","template":"","meta":{"footnotes":""},"class_list":["post-57160","page","type-page","status-publish","hentry"],"aioseo_notices":[],"_links":{"self":[{"href":"https:\/\/pasbobute.lt\/en\/wp-json\/wp\/v2\/pages\/57160","targetHints":{"allow":["GET"]}}],"collection":[{"href":"https:\/\/pasbobute.lt\/en\/wp-json\/wp\/v2\/pages"}],"about":[{"href":"https:\/\/pasbobute.lt\/en\/wp-json\/wp\/v2\/types\/page"}],"author":[{"embeddable":true,"href":"https:\/\/pasbobute.lt\/en\/wp-json\/wp\/v2\/users\/1"}],"replies":[{"embeddable":true,"href":"https:\/\/pasbobute.lt\/en\/wp-json\/wp\/v2\/comments?post=57160"}],"version-history":[{"count":4,"href":"https:\/\/pasbobute.lt\/en\/wp-json\/wp\/v2\/pages\/57160\/revisions"}],"predecessor-version":[{"id":58684,"href":"https:\/\/pasbobute.lt\/en\/wp-json\/wp\/v2\/pages\/57160\/revisions\/58684"}],"wp:attachment":[{"href":"https:\/\/pasbobute.lt\/en\/wp-json\/wp\/v2\/media?parent=57160"}],"curies":[{"name":"wp","href":"https:\/\/api.w.org\/{rel}","templated":true}]}}