{"id":57674,"date":"2020-07-13T14:40:27","date_gmt":"2020-07-13T12:40:27","guid":{"rendered":"https:\/\/2.demo.its360.lt\/?product=supplementliposomal-vitamin-c-250-mg-encapsulated"},"modified":"2022-11-01T01:51:28","modified_gmt":"2022-11-01T01:51:28","slug":"supplementliposomal-vitamin-c-250-mg-encapsulated","status":"publish","type":"product","link":"https:\/\/pasbobute.lt\/en\/parduotuve\/vitamins\/supplementliposomal-vitamin-c-250-mg-encapsulated\/","title":{"rendered":"SupplementLiposomal Vitamin C, 250 mg encapsulated"},"content":{"rendered":"<p><span style=\"font-weight: bold;\"><span style=\"color: rgb(0, 0, 0);\">Supplement<\/span><span style=\"color: rgb(0, 0, 0);\">Liposomal Vitamin C, 250 mg&nbsp;<\/span><span style=\"color: rgb(0, 0, 0);\">encapsulated<\/span><\/span><\/p>\n<p><span style=\"color: rgb(0, 0, 0);\">Suitable for vegetarians and vegans<\/span><\/p>\n<p><span style=\"color: rgb(0, 0, 0);\">Net weight 42.6 g (90 capsules)<\/span><\/p>\n<p><span style=\"color: rgb(0, 0, 0);\">1 capsule (473 mg)<\/span><\/p>\n<p><span style=\"color: rgb(0, 0, 0);\"><br \/><\/span><\/p>\n<p><span style=\"color: rgb(0, 0, 0);\">Ingredients: liposomal patented blend Optim C\u00ae (vitamin C (L-ascorbic acid), phosphatidylcholine (from sunflower)), capsule shell (thickener (hydroxypropylmethylcellulose)).<\/span><\/p>\n<p><span style=\"color: rgb(0, 0, 0);\"><br \/><\/span><\/p>\n<p><span style=\"color: rgb(0, 0, 0);\">Nutrient in 1 capsule RMV *,%<\/span><\/p>\n<p><span style=\"color: rgb(0, 0, 0);\">Vitamin C 250 mg 312.5%<\/span><\/p>\n<p><span style=\"color: rgb(0, 0, 0);\">* RMV &#8211; nutritional reference value<\/span><\/p>\n<p><span style=\"color: rgb(0, 0, 0);\"><br \/><\/span><\/p>\n<p><span style=\"color: rgb(0, 0, 0);\">Consumption. It is recommended to take 1 capsule per day.<\/span><\/p>\n<p><span style=\"color: rgb(0, 0, 0);\"><br \/><\/span><\/p>\n<p><span style=\"color: rgb(0, 0, 0);\">Warnings. Do not exceed the prescribed recommended dose. The food supplement should not be used as a food substitute. Consult a healthcare professional before use during pregnancy and lactation. Keep out of reach of children.<\/span><\/p>\n<p><span style=\"color: rgb(0, 0, 0);\"><br \/><\/span><\/p>\n<p><span style=\"color: rgb(0, 0, 0);\">Storage conditions. Store in a cool, dark, dry place. Do not use if package is damaged.<\/span><\/p>\n<p><span style=\"color: rgb(0, 0, 0);\"><br \/><\/span><\/p>\n<p><span style=\"color: rgb(0, 0, 0);\">Exclusive distributor MB Sveikatos sprendimai, Stirn\u0173 str. 16-2, Noreiki\u0161k\u0117s, Kaunas district. LT-53363, Lithuania<\/span><\/p>\n<p><span style=\"color: rgb(0, 0, 0);\"><br \/><\/span><\/p>\n<p><span style=\"color: rgb(0, 0, 0);\">Manufacturer Goldman Laboratories LTD, United Kingdom<\/span><\/p>\n<p><span style=\"color: rgb(0, 0, 0);\"><br \/><\/span><\/p>\n<p><span style=\"color: rgb(0, 0, 0);\">Lot No: see on the package<\/span><\/p>\n<p><span style=\"color: rgb(0, 0, 0);\">Best before (end): see on the package<\/span><\/p>\n","protected":false},"excerpt":{"rendered":"<p>SupplementLiposomal Vitamin C, 250 mg&nbsp;encapsulated Suitable for vegetarians and vegans Net weight 42.6 g (90 capsules) 1 capsule (473 mg) Ingredients: liposomal patented blend Optim C\u00ae (vitamin C (L-ascorbic acid), phosphatidylcholine (from sunflower)), capsule shell (thickener (hydroxypropylmethylcellulose)). Nutrient in 1 capsule RMV *,% Vitamin C 250 mg 312.5% * RMV &#8211; nutritional reference value Consumption.&hellip;<\/p>\n","protected":false},"featured_media":56220,"template":"","meta":[],"product_brand":[],"product_cat":[599],"product_tag":[],"class_list":{"0":"post-57674","1":"product","2":"type-product","3":"status-publish","4":"has-post-thumbnail","6":"product_cat-vitamins","7":"description-off","9":"first","10":"outofstock","11":"purchasable","12":"product-type-simple"},"aioseo_notices":[],"_links":{"self":[{"href":"https:\/\/pasbobute.lt\/en\/wp-json\/wp\/v2\/product\/57674","targetHints":{"allow":["GET"]}}],"collection":[{"href":"https:\/\/pasbobute.lt\/en\/wp-json\/wp\/v2\/product"}],"about":[{"href":"https:\/\/pasbobute.lt\/en\/wp-json\/wp\/v2\/types\/product"}],"version-history":[{"count":0,"href":"https:\/\/pasbobute.lt\/en\/wp-json\/wp\/v2\/product\/57674\/revisions"}],"wp:featuredmedia":[{"embeddable":true,"href":"https:\/\/pasbobute.lt\/en\/wp-json\/wp\/v2\/media\/56220"}],"wp:attachment":[{"href":"https:\/\/pasbobute.lt\/en\/wp-json\/wp\/v2\/media?parent=57674"}],"wp:term":[{"taxonomy":"product_brand","embeddable":true,"href":"https:\/\/pasbobute.lt\/en\/wp-json\/wp\/v2\/product_brand?post=57674"},{"taxonomy":"product_cat","embeddable":true,"href":"https:\/\/pasbobute.lt\/en\/wp-json\/wp\/v2\/product_cat?post=57674"},{"taxonomy":"product_tag","embeddable":true,"href":"https:\/\/pasbobute.lt\/en\/wp-json\/wp\/v2\/product_tag?post=57674"}],"curies":[{"name":"wp","href":"https:\/\/api.w.org\/{rel}","templated":true}]}}