{"id":57686,"date":"2020-07-13T14:40:28","date_gmt":"2020-07-13T12:40:28","guid":{"rendered":"https:\/\/2.demo.its360.lt\/?product=kaip-priversti-badauti-vezi-paciam-nebadaujant-jane-mclelland"},"modified":"2020-07-13T14:41:44","modified_gmt":"2020-07-13T14:41:44","slug":"kaip-priversti-badauti-vezi-paciam-nebadaujant-jane-mclelland","status":"publish","type":"product","link":"https:\/\/pasbobute.lt\/en\/parduotuve\/books\/kaip-priversti-badauti-vezi-paciam-nebadaujant-jane-mclelland\/","title":{"rendered":"Kaip priversti badaut\u012f ve\u017e\u012f&#8230;pa\u010diam nebadaujant (Jane McLelland)"},"content":{"rendered":"<p><\/p>\n","protected":false},"excerpt":{"rendered":"","protected":false},"featured_media":56244,"template":"","meta":[],"product_brand":[],"product_cat":[626],"product_tag":[],"class_list":{"0":"post-57686","1":"product","2":"type-product","3":"status-publish","4":"has-post-thumbnail","6":"product_cat-books","7":"description-off","9":"first","10":"outofstock","11":"purchasable","12":"product-type-simple"},"aioseo_notices":[],"_links":{"self":[{"href":"https:\/\/pasbobute.lt\/en\/wp-json\/wp\/v2\/product\/57686","targetHints":{"allow":["GET"]}}],"collection":[{"href":"https:\/\/pasbobute.lt\/en\/wp-json\/wp\/v2\/product"}],"about":[{"href":"https:\/\/pasbobute.lt\/en\/wp-json\/wp\/v2\/types\/product"}],"version-history":[{"count":0,"href":"https:\/\/pasbobute.lt\/en\/wp-json\/wp\/v2\/product\/57686\/revisions"}],"wp:featuredmedia":[{"embeddable":true,"href":"https:\/\/pasbobute.lt\/en\/wp-json\/wp\/v2\/media\/56244"}],"wp:attachment":[{"href":"https:\/\/pasbobute.lt\/en\/wp-json\/wp\/v2\/media?parent=57686"}],"wp:term":[{"taxonomy":"product_brand","embeddable":true,"href":"https:\/\/pasbobute.lt\/en\/wp-json\/wp\/v2\/product_brand?post=57686"},{"taxonomy":"product_cat","embeddable":true,"href":"https:\/\/pasbobute.lt\/en\/wp-json\/wp\/v2\/product_cat?post=57686"},{"taxonomy":"product_tag","embeddable":true,"href":"https:\/\/pasbobute.lt\/en\/wp-json\/wp\/v2\/product_tag?post=57686"}],"curies":[{"name":"wp","href":"https:\/\/api.w.org\/{rel}","templated":true}]}}