{"id":57734,"date":"2021-12-03T10:33:01","date_gmt":"2021-12-03T08:33:01","guid":{"rendered":"https:\/\/2.demo.its360.lt\/?product=dried-dumplin-berries"},"modified":"2022-11-01T01:24:41","modified_gmt":"2022-11-01T01:24:41","slug":"dried-dumplin-berries","status":"publish","type":"product","link":"https:\/\/pasbobute.lt\/en\/parduotuve\/dried-fruits-and-berries\/dried-dumplin-berries\/","title":{"rendered":"Dried dumplin berries"},"content":{"rendered":"<p><b>D\u017eiovintos dumplainio uogos<\/b><\/p>\n<p><\/p>\n<p>Puikiai tiks u\u017ekand\u017eiaujant. Dera prie vyno, rie\u0161ut\u0173, kit\u0173 d\u017eiovint\u0173 vaisi\u0173, s\u016bri\u0173 rinkinio. Be prid\u0117tinio cukraus.<\/p>\n<p><\/p>\n<p>Kilm\u0117s \u0161alis Kolumbija<\/p>\n","protected":false},"excerpt":{"rendered":"<p>D\u017eiovintos dumplainio uogos Puikiai tiks u\u017ekand\u017eiaujant. Dera prie vyno, rie\u0161ut\u0173, kit\u0173 d\u017eiovint\u0173 vaisi\u0173, s\u016bri\u0173 rinkinio. Be prid\u0117tinio cukraus. Kilm\u0117s \u0161alis Kolumbija<\/p>\n","protected":false},"featured_media":56361,"template":"","meta":[],"product_brand":[587],"product_cat":[629],"product_tag":[],"class_list":{"0":"post-57734","1":"product","2":"type-product","3":"status-publish","4":"has-post-thumbnail","6":"product_brand-pas-bobute","7":"product_cat-dried-fruits-and-berries","8":"description-off","10":"first","11":"instock","12":"purchasable","13":"product-type-simple"},"aioseo_notices":[],"_links":{"self":[{"href":"https:\/\/pasbobute.lt\/en\/wp-json\/wp\/v2\/product\/57734","targetHints":{"allow":["GET"]}}],"collection":[{"href":"https:\/\/pasbobute.lt\/en\/wp-json\/wp\/v2\/product"}],"about":[{"href":"https:\/\/pasbobute.lt\/en\/wp-json\/wp\/v2\/types\/product"}],"version-history":[{"count":0,"href":"https:\/\/pasbobute.lt\/en\/wp-json\/wp\/v2\/product\/57734\/revisions"}],"wp:featuredmedia":[{"embeddable":true,"href":"https:\/\/pasbobute.lt\/en\/wp-json\/wp\/v2\/media\/56361"}],"wp:attachment":[{"href":"https:\/\/pasbobute.lt\/en\/wp-json\/wp\/v2\/media?parent=57734"}],"wp:term":[{"taxonomy":"product_brand","embeddable":true,"href":"https:\/\/pasbobute.lt\/en\/wp-json\/wp\/v2\/product_brand?post=57734"},{"taxonomy":"product_cat","embeddable":true,"href":"https:\/\/pasbobute.lt\/en\/wp-json\/wp\/v2\/product_cat?post=57734"},{"taxonomy":"product_tag","embeddable":true,"href":"https:\/\/pasbobute.lt\/en\/wp-json\/wp\/v2\/product_tag?post=57734"}],"curies":[{"name":"wp","href":"https:\/\/api.w.org\/{rel}","templated":true}]}}