{"id":55560,"date":"2024-02-05T19:09:02","date_gmt":"2024-02-05T17:09:02","guid":{"rendered":"https:\/\/2.demo.its360.lt\/cart\/"},"modified":"2024-02-20T11:57:23","modified_gmt":"2024-02-20T09:57:23","slug":"cart","status":"publish","type":"page","link":"https:\/\/pasbobute.lt\/ru\/cart\/","title":{"rendered":"Cart"},"content":{"rendered":"<div data-block-name=\"woocommerce\/cart\" class=\"wp-block-woocommerce-cart alignwide is-loading\"><div data-block-name=\"woocommerce\/filled-cart-block\" class=\"wp-block-woocommerce-filled-cart-block\"><div data-block-name=\"woocommerce\/cart-items-block\" class=\"wp-block-woocommerce-cart-items-block\"><div data-block-name=\"woocommerce\/cart-line-items-block\" class=\"wp-block-woocommerce-cart-line-items-block\"><\/div>\n\n<div data-block-name=\"woocommerce\/cart-cross-sells-block\" class=\"wp-block-woocommerce-cart-cross-sells-block\"><h2 class=\"wp-block-heading has-large-font-size\">You may be interested in\u2026<\/h2>\n\n<div data-block-name=\"woocommerce\/cart-cross-sells-products-block\" class=\"wp-block-woocommerce-cart-cross-sells-products-block\"><\/div><\/div><\/div>\n\n<div data-block-name=\"woocommerce\/cart-totals-block\" class=\"wp-block-woocommerce-cart-totals-block\"><div data-block-name=\"woocommerce\/cart-order-summary-block\" class=\"wp-block-woocommerce-cart-order-summary-block\"><div data-block-name=\"woocommerce\/cart-order-summary-heading-block\" class=\"wp-block-woocommerce-cart-order-summary-heading-block\"><\/div><div data-block-name=\"woocommerce\/cart-order-summary-coupon-form-block\" class=\"wp-block-woocommerce-cart-order-summary-coupon-form-block\"><\/div><div data-block-name=\"woocommerce\/cart-order-summary-totals-block\" class=\"wp-block-woocommerce-cart-order-summary-totals-block\">\n<div data-block-name=\"woocommerce\/cart-order-summary-subtotal-block\" class=\"wp-block-woocommerce-cart-order-summary-subtotal-block\"><\/div>\n<div data-block-name=\"woocommerce\/cart-order-summary-discount-block\" class=\"wp-block-woocommerce-cart-order-summary-discount-block\"><\/div>\n<div data-block-name=\"woocommerce\/cart-order-summary-fee-block\" class=\"wp-block-woocommerce-cart-order-summary-fee-block\"><\/div>\n<div data-block-name=\"woocommerce\/cart-order-summary-shipping-block\" class=\"wp-block-woocommerce-cart-order-summary-shipping-block\"><\/div>\n<div data-block-name=\"woocommerce\/cart-order-summary-taxes-block\" class=\"wp-block-woocommerce-cart-order-summary-taxes-block\"><\/div><\/div><\/div>\n\n<div data-block-name=\"woocommerce\/cart-express-payment-block\" class=\"wp-block-woocommerce-cart-express-payment-block\"><\/div>\n\n<div data-block-name=\"woocommerce\/proceed-to-checkout-block\" class=\"wp-block-woocommerce-proceed-to-checkout-block\"><\/div>\n\n<div data-block-name=\"woocommerce\/cart-accepted-payment-methods-block\" class=\"wp-block-woocommerce-cart-accepted-payment-methods-block\"><\/div><\/div><\/div>\n\n<div data-block-name=\"woocommerce\/empty-cart-block\" class=\"wp-block-woocommerce-empty-cart-block\"><h2 class=\"wp-block-heading has-text-align-center with-empty-cart-icon wc-block-cart__empty-cart__title\">J\u016bs\u0173 krep\u0161elis kol kas tu\u0161\u010dias.<\/h2>\n\n<hr class=\"wp-block-separator has-alpha-channel-opacity is-style-dots\"\/>\n\n<h2 class=\"wp-block-heading has-text-align-center\">Naujausi produktai<\/h2>\n\n<div data-block-name=\"woocommerce\/product-new\" data-columns=\"4\" data-rows=\"1\" class=\"wc-block-grid wp-block-product-new wp-block-woocommerce-product-new wc-block-product-new has-4-columns\"><ul class=\"wc-block-grid__products\"><li class=\"wc-block-grid__product\">\n\t\t\t\t<a href=\"https:\/\/pasbobute.lt\/ru\/parduotuve\/%d0%bf%d1%80%d0%be%d0%b4%d1%83%d0%ba%d1%86%d0%b8%d1%8f-%d0%b8%d0%b7-%d0%b0%d0%b9%d0%b2%d1%8b\/%d0%ba%d0%be%d0%bd%d1%84%d0%b5%d1%82%d1%8b-%d0%b8%d0%b7-%d0%b0%d0%b9%d0%b2%d1%8b\/\" class=\"wc-block-grid__product-link\">\n\t\t\t\t\t\n\t\t\t\t\t<div class=\"wc-block-grid__product-image\"><img fetchpriority=\"high\" decoding=\"async\" width=\"1200\" height=\"1200\" src=\"https:\/\/pasbobute.lt\/wp-content\/uploads\/2024\/04\/svarainiu_saldainiai_100_PasBobute-1200x1200.jpg\" class=\"attachment-woocommerce_thumbnail size-woocommerce_thumbnail\" alt=\"svaraini\u0173 saldainiukai\" srcset=\"https:\/\/pasbobute.lt\/wp-content\/uploads\/2024\/04\/svarainiu_saldainiai_100_PasBobute-1200x1200.jpg 1200w, https:\/\/pasbobute.lt\/wp-content\/uploads\/2024\/04\/svarainiu_saldainiai_100_PasBobute-300x300.jpg 300w, https:\/\/pasbobute.lt\/wp-content\/uploads\/2024\/04\/svarainiu_saldainiai_100_PasBobute-1024x1024.jpg 1024w, https:\/\/pasbobute.lt\/wp-content\/uploads\/2024\/04\/svarainiu_saldainiai_100_PasBobute-150x150.jpg 150w, https:\/\/pasbobute.lt\/wp-content\/uploads\/2024\/04\/svarainiu_saldainiai_100_PasBobute-768x768.jpg 768w, https:\/\/pasbobute.lt\/wp-content\/uploads\/2024\/04\/svarainiu_saldainiai_100_PasBobute-1536x1536.jpg 1536w, https:\/\/pasbobute.lt\/wp-content\/uploads\/2024\/04\/svarainiu_saldainiai_100_PasBobute-200x200.jpg 200w, https:\/\/pasbobute.lt\/wp-content\/uploads\/2024\/04\/svarainiu_saldainiai_100_PasBobute.jpg 2048w\" sizes=\"(max-width: 1200px) 100vw, 1200px\" \/><\/div>\n\t\t\t\t\t<div class=\"wc-block-grid__product-title\">\u041a\u043e\u043d\u0444\u0435\u0442\u044b \u0438\u0437 \u0430\u0439\u0432\u044b<\/div>\n\t\t\t\t<\/a>\n\t\t\t\t<div class=\"wc-block-grid__product-price price\"><span class=\"woocommerce-Price-amount amount\">5,00&nbsp;<span class=\"woocommerce-Price-currencySymbol\">&euro;<\/span><\/span> &ndash; <span class=\"woocommerce-Price-amount amount\">14,00&nbsp;<span class=\"woocommerce-Price-currencySymbol\">&euro;<\/span><\/span><\/div>\n\t\t\t\t\n\t\t\t\t<div class=\"wp-block-button wc-block-grid__product-add-to-cart\"><a href=\"https:\/\/pasbobute.lt\/ru\/parduotuve\/%d0%bf%d1%80%d0%be%d0%b4%d1%83%d0%ba%d1%86%d0%b8%d1%8f-%d0%b8%d0%b7-%d0%b0%d0%b9%d0%b2%d1%8b\/%d0%ba%d0%be%d0%bd%d1%84%d0%b5%d1%82%d1%8b-%d0%b8%d0%b7-%d0%b0%d0%b9%d0%b2%d1%8b\/\" aria-label=\"\u0412\u044b\u0431\u0435\u0440\u0438\u0442\u0435 \u043e\u043f\u0446\u0438\u0438 \u0434\u043b\u044f &ldquo;\u041a\u043e\u043d\u0444\u0435\u0442\u044b \u0438\u0437 \u0430\u0439\u0432\u044b&rdquo;\" data-quantity=\"1\" data-product_id=\"59125\" data-product_sku=\"\" data-price=\"5\" rel=\"nofollow\" class=\"wp-block-button__link  add_to_cart_button\">\u0412\u044b\u0431\u0435\u0440\u0438\u0442\u0435 \u043f\u0430\u0440\u0430\u043c\u0435\u0442\u0440\u044b<\/a><\/div>\n\t\t\t<\/li><li class=\"wc-block-grid__product\">\n\t\t\t\t<a href=\"https:\/\/pasbobute.lt\/ru\/parduotuve\/%d0%b4%d0%b6%d0%b5%d0%bc%d1%8b-%d1%81%d0%bf%d1%80%d0%b5%d0%b4%d1%8b\/%d0%b2%d0%b0%d1%80%d0%b5%d0%bd%d1%8c%d0%b5-%d0%b8%d0%b7-%d0%b0%d0%b9%d0%b2%d1%8b-%d1%81-%d0%bf%d0%b5%d1%80%d1%86%d0%b5%d0%bc-%d1%87%d0%b8%d0%bb%d0%b8\/\" class=\"wc-block-grid__product-link\">\n\t\t\t\t\t\n\t\t\t\t\t<div class=\"wc-block-grid__product-image\"><img decoding=\"async\" width=\"1200\" height=\"1200\" src=\"https:\/\/pasbobute.lt\/wp-content\/uploads\/2023\/12\/svarainiu_uogiene_cili_PasBobute-1-1200x1200.jpg\" class=\"attachment-woocommerce_thumbnail size-woocommerce_thumbnail\" alt=\"\u0412\u0430\u0440\u0435\u043d\u044c\u0435 \u0438\u0437 \u0430\u0439\u0432\u044b \u0441 \u043f\u0435\u0440\u0446\u0435\u043c \u0447\u0438\u043b\u0438\" srcset=\"https:\/\/pasbobute.lt\/wp-content\/uploads\/2023\/12\/svarainiu_uogiene_cili_PasBobute-1-1200x1200.jpg 1200w, https:\/\/pasbobute.lt\/wp-content\/uploads\/2023\/12\/svarainiu_uogiene_cili_PasBobute-1-300x300.jpg 300w, https:\/\/pasbobute.lt\/wp-content\/uploads\/2023\/12\/svarainiu_uogiene_cili_PasBobute-1-1024x1024.jpg 1024w, https:\/\/pasbobute.lt\/wp-content\/uploads\/2023\/12\/svarainiu_uogiene_cili_PasBobute-1-150x150.jpg 150w, https:\/\/pasbobute.lt\/wp-content\/uploads\/2023\/12\/svarainiu_uogiene_cili_PasBobute-1-768x768.jpg 768w, https:\/\/pasbobute.lt\/wp-content\/uploads\/2023\/12\/svarainiu_uogiene_cili_PasBobute-1-1536x1536.jpg 1536w, https:\/\/pasbobute.lt\/wp-content\/uploads\/2023\/12\/svarainiu_uogiene_cili_PasBobute-1-200x200.jpg 200w, https:\/\/pasbobute.lt\/wp-content\/uploads\/2023\/12\/svarainiu_uogiene_cili_PasBobute-1.jpg 2048w\" sizes=\"(max-width: 1200px) 100vw, 1200px\" \/><\/div>\n\t\t\t\t\t<div class=\"wc-block-grid__product-title\">\u0412\u0430\u0440\u0435\u043d\u044c\u0435 \u0438\u0437 \u0430\u0439\u0432\u044b \u0441 \u043f\u0435\u0440\u0446\u0435\u043c \u0447\u0438\u043b\u0438<\/div>\n\t\t\t\t<\/a>\n\t\t\t\t<div class=\"wc-block-grid__product-price price\"><span class=\"woocommerce-Price-amount amount\">6,00&nbsp;<span class=\"woocommerce-Price-currencySymbol\">&euro;<\/span><\/span><\/div>\n\t\t\t\t\n\t\t\t\t<div class=\"wp-block-button wc-block-grid__product-add-to-cart\"><a href=\"?add-to-cart=57831\" aria-label=\"\u0414\u043e\u0431\u0430\u0432\u0438\u0442\u044c \u0432 \u043a\u043e\u0440\u0437\u0438\u043d\u0443 &ldquo;\u0412\u0430\u0440\u0435\u043d\u044c\u0435 \u0438\u0437 \u0430\u0439\u0432\u044b \u0441 \u043f\u0435\u0440\u0446\u0435\u043c \u0447\u0438\u043b\u0438&rdquo;\" data-quantity=\"1\" data-product_id=\"57831\" data-product_sku=\"Uogien\u0117\" data-price=\"6\" rel=\"nofollow\" class=\"wp-block-button__link  add_to_cart_button ajax_add_to_cart\">\u0412 \u043a\u043e\u0440\u0437\u0438\u043d\u0443<\/a><\/div>\n\t\t\t<\/li><li class=\"wc-block-grid__product\">\n\t\t\t\t<a href=\"https:\/\/pasbobute.lt\/ru\/parduotuve\/%d1%87%d0%b0%d0%b9\/%d0%b0%d0%b9%d0%b2%d0%be%d0%b2%d1%8b%d0%b9-%d1%81%d0%b8%d1%80%d0%be%d0%bf-%d0%ba-%d1%87%d0%b0%d1%8e-%d1%81-%d0%bc%d0%b0%d0%bb%d0%b8%d0%bd%d0%be%d0%b9\/\" class=\"wc-block-grid__product-link\">\n\t\t\t\t\t\n\t\t\t\t\t<div class=\"wc-block-grid__product-image\"><img decoding=\"async\" width=\"1200\" height=\"1201\" src=\"https:\/\/pasbobute.lt\/wp-content\/uploads\/2023\/12\/Svarainiu_sirupas_su_avietem_PasBobute-1-1200x1201.jpg\" class=\"attachment-woocommerce_thumbnail size-woocommerce_thumbnail\" alt=\"\u0410\u0439\u0432\u043e\u0432\u044b\u0439 \u0441\u0438\u0440\u043e\u043f \u043a \u0447\u0430\u044e \u0441 \u043c\u0430\u043b\u0438\u043d\u043e\u0439\" srcset=\"https:\/\/pasbobute.lt\/wp-content\/uploads\/2023\/12\/Svarainiu_sirupas_su_avietem_PasBobute-1-1200x1201.jpg 1200w, https:\/\/pasbobute.lt\/wp-content\/uploads\/2023\/12\/Svarainiu_sirupas_su_avietem_PasBobute-1-300x300.jpg 300w, https:\/\/pasbobute.lt\/wp-content\/uploads\/2023\/12\/Svarainiu_sirupas_su_avietem_PasBobute-1-1024x1024.jpg 1024w, https:\/\/pasbobute.lt\/wp-content\/uploads\/2023\/12\/Svarainiu_sirupas_su_avietem_PasBobute-1-150x150.jpg 150w, https:\/\/pasbobute.lt\/wp-content\/uploads\/2023\/12\/Svarainiu_sirupas_su_avietem_PasBobute-1-768x768.jpg 768w, https:\/\/pasbobute.lt\/wp-content\/uploads\/2023\/12\/Svarainiu_sirupas_su_avietem_PasBobute-1-1536x1536.jpg 1536w, https:\/\/pasbobute.lt\/wp-content\/uploads\/2023\/12\/Svarainiu_sirupas_su_avietem_PasBobute-1-200x200.jpg 200w, https:\/\/pasbobute.lt\/wp-content\/uploads\/2023\/12\/Svarainiu_sirupas_su_avietem_PasBobute-1.jpg 2047w\" sizes=\"(max-width: 1200px) 100vw, 1200px\" \/><\/div>\n\t\t\t\t\t<div class=\"wc-block-grid__product-title\">\u0410\u0439\u0432\u043e\u0432\u044b\u0439 \u0441\u0438\u0440\u043e\u043f \u043a \u0447\u0430\u044e \u0441 \u043c\u0430\u043b\u0438\u043d\u043e\u0439<\/div>\n\t\t\t\t<\/a>\n\t\t\t\t<div class=\"wc-block-grid__product-price price\"><span class=\"woocommerce-Price-amount amount\">7,00&nbsp;<span class=\"woocommerce-Price-currencySymbol\">&euro;<\/span><\/span><\/div>\n\t\t\t\t\n\t\t\t\t<div class=\"wp-block-button wc-block-grid__product-add-to-cart\"><a href=\"?add-to-cart=57828\" aria-label=\"\u0414\u043e\u0431\u0430\u0432\u0438\u0442\u044c \u0432 \u043a\u043e\u0440\u0437\u0438\u043d\u0443 &ldquo;\u0410\u0439\u0432\u043e\u0432\u044b\u0439 \u0441\u0438\u0440\u043e\u043f \u043a \u0447\u0430\u044e \u0441 \u043c\u0430\u043b\u0438\u043d\u043e\u0439&rdquo;\" data-quantity=\"1\" data-product_id=\"57828\" data-product_sku=\"Arbata\" data-price=\"7\" rel=\"nofollow\" class=\"wp-block-button__link  add_to_cart_button ajax_add_to_cart\">\u0412 \u043a\u043e\u0440\u0437\u0438\u043d\u0443<\/a><\/div>\n\t\t\t<\/li><li class=\"wc-block-grid__product\">\n\t\t\t\t<a href=\"https:\/\/pasbobute.lt\/ru\/parduotuve\/%d0%bf%d1%80%d0%be%d0%b4%d1%83%d0%ba%d1%82%d1%8b-%d0%b8%d0%b7-%d0%ba%d0%b0%d0%bd%d0%b0%d0%bf%d0%bb%d0%b8\/%d0%b4%d0%bd%d0%b5%d0%b2%d0%bd%d0%be%d0%b9-%d0%ba%d1%80%d0%b5%d0%bc-cbd-300-%d0%bc%d0%b3\/\" class=\"wc-block-grid__product-link\">\n\t\t\t\t\t\n\t\t\t\t\t<div class=\"wc-block-grid__product-image\"><img loading=\"lazy\" decoding=\"async\" width=\"1200\" height=\"1200\" src=\"https:\/\/pasbobute.lt\/wp-content\/uploads\/2022\/11\/CBD_veido_kremas_dienai_PasBobute-1-1200x1200.jpg\" class=\"attachment-woocommerce_thumbnail size-woocommerce_thumbnail\" alt=\"\u0414\u043d\u0435\u0432\u043d\u043e\u0439 \u043a\u0440\u0435\u043c CBD 300 \u043c\u0433\" srcset=\"https:\/\/pasbobute.lt\/wp-content\/uploads\/2022\/11\/CBD_veido_kremas_dienai_PasBobute-1-1200x1200.jpg 1200w, https:\/\/pasbobute.lt\/wp-content\/uploads\/2022\/11\/CBD_veido_kremas_dienai_PasBobute-1-300x300.jpg 300w, https:\/\/pasbobute.lt\/wp-content\/uploads\/2022\/11\/CBD_veido_kremas_dienai_PasBobute-1-1024x1024.jpg 1024w, https:\/\/pasbobute.lt\/wp-content\/uploads\/2022\/11\/CBD_veido_kremas_dienai_PasBobute-1-150x150.jpg 150w, https:\/\/pasbobute.lt\/wp-content\/uploads\/2022\/11\/CBD_veido_kremas_dienai_PasBobute-1-768x768.jpg 768w, https:\/\/pasbobute.lt\/wp-content\/uploads\/2022\/11\/CBD_veido_kremas_dienai_PasBobute-1-1536x1536.jpg 1536w, https:\/\/pasbobute.lt\/wp-content\/uploads\/2022\/11\/CBD_veido_kremas_dienai_PasBobute-1-200x200.jpg 200w, https:\/\/pasbobute.lt\/wp-content\/uploads\/2022\/11\/CBD_veido_kremas_dienai_PasBobute-1.jpg 2048w\" sizes=\"(max-width: 1200px) 100vw, 1200px\" \/><\/div>\n\t\t\t\t\t<div class=\"wc-block-grid__product-title\">\u0414\u043d\u0435\u0432\u043d\u043e\u0439 \u043a\u0440\u0435\u043c CBD 300 \u043c\u0433<\/div>\n\t\t\t\t<\/a>\n\t\t\t\t<div class=\"wc-block-grid__product-price price\"><span class=\"woocommerce-Price-amount amount\">29,00&nbsp;<span class=\"woocommerce-Price-currencySymbol\">&euro;<\/span><\/span><\/div>\n\t\t\t\t\n\t\t\t\t<div class=\"wp-block-button wc-block-grid__product-add-to-cart\"><a href=\"?add-to-cart=57822\" aria-label=\"\u0414\u043e\u0431\u0430\u0432\u0438\u0442\u044c \u0432 \u043a\u043e\u0440\u0437\u0438\u043d\u0443 &ldquo;\u0414\u043d\u0435\u0432\u043d\u043e\u0439 \u043a\u0440\u0435\u043c CBD 300 \u043c\u0433&rdquo;\" data-quantity=\"1\" data-product_id=\"57822\" data-product_sku=\"kosmetika\" data-price=\"29\" rel=\"nofollow\" class=\"wp-block-button__link  add_to_cart_button ajax_add_to_cart\">\u0412 \u043a\u043e\u0440\u0437\u0438\u043d\u0443<\/a><\/div>\n\t\t\t<\/li><\/ul><\/div><\/div><\/div>","protected":false},"excerpt":{"rendered":"","protected":false},"author":1,"featured_media":0,"parent":0,"menu_order":0,"comment_status":"closed","ping_status":"closed","template":"","meta":{"footnotes":""},"class_list":["post-55560","page","type-page","status-publish","hentry","description-off"],"aioseo_notices":[],"_links":{"self":[{"href":"https:\/\/pasbobute.lt\/ru\/wp-json\/wp\/v2\/pages\/55560","targetHints":{"allow":["GET"]}}],"collection":[{"href":"https:\/\/pasbobute.lt\/ru\/wp-json\/wp\/v2\/pages"}],"about":[{"href":"https:\/\/pasbobute.lt\/ru\/wp-json\/wp\/v2\/types\/page"}],"author":[{"embeddable":true,"href":"https:\/\/pasbobute.lt\/ru\/wp-json\/wp\/v2\/users\/1"}],"replies":[{"embeddable":true,"href":"https:\/\/pasbobute.lt\/ru\/wp-json\/wp\/v2\/comments?post=55560"}],"version-history":[{"count":0,"href":"https:\/\/pasbobute.lt\/ru\/wp-json\/wp\/v2\/pages\/55560\/revisions"}],"wp:attachment":[{"href":"https:\/\/pasbobute.lt\/ru\/wp-json\/wp\/v2\/media?parent=55560"}],"curies":[{"name":"wp","href":"https:\/\/api.w.org\/{rel}","templated":true}]}}