{"id":57094,"date":"2024-02-05T17:30:47","date_gmt":"2024-02-05T15:30:47","guid":{"rendered":"https:\/\/2.demo.its360.lt\/%d0%b4%d0%b0%d0%b2%d0%b0%d0%b9%d1%82%d0%b5-%d1%83%d0%b7%d0%bd%d0%b0%d0%b5%d0%bc-%d0%b4%d1%80%d1%83%d0%b3-%d0%b4%d1%80%d1%83%d0%b3%d0%b0\/"},"modified":"2024-02-22T08:59:18","modified_gmt":"2024-02-22T06:59:18","slug":"%d0%b4%d0%b0%d0%b2%d0%b0%d0%b9%d1%82%d0%b5-%d1%83%d0%b7%d0%bd%d0%b0%d0%b5%d0%bc-%d0%b4%d1%80%d1%83%d0%b3-%d0%b4%d1%80%d1%83%d0%b3%d0%b0","status":"publish","type":"page","link":"https:\/\/pasbobute.lt\/ru\/%d0%b4%d0%b0%d0%b2%d0%b0%d0%b9%d1%82%d0%b5-%d1%83%d0%b7%d0%bd%d0%b0%d0%b5%d0%bc-%d0%b4%d1%80%d1%83%d0%b3-%d0%b4%d1%80%d1%83%d0%b3%d0%b0\/","title":{"rendered":"\u0414\u0430\u0432\u0430\u0439\u0442\u0435 \u0443\u0437\u043d\u0430\u0435\u043c \u0434\u0440\u0443\u0433 \u0434\u0440\u0443\u0433\u0430"},"content":{"rendered":"\t\t<div data-elementor-type=\"wp-page\" data-elementor-id=\"57094\" class=\"elementor elementor-57094 elementor-54713\" data-elementor-post-type=\"page\">\n\t\t\t\t<div class=\"elementor-element elementor-element-f6fc3b9 e-flex e-con-boxed e-con e-parent\" data-id=\"f6fc3b9\" data-element_type=\"container\">\n\t\t\t\t\t<div class=\"e-con-inner\">\n\t\t\t\t<div class=\"elementor-element elementor-element-d04c14a elementor-widget elementor-widget-the7-heading\" data-id=\"d04c14a\" data-element_type=\"widget\" data-widget_type=\"the7-heading.default\">\n\t\t\t\t<div class=\"elementor-widget-container\">\n\t\t\t\t\t<h2 class=\"the7-heading-title elementor-size-default\"><h3 style=\"margin-top: 18px; margin-bottom: 0in; line-height: 1.5; color: rgb(72, 39, 0); font-family: Verdana;\"><strong>UAB \u201ePas Bobut\u0119\u201c- nat\u016brali\u0173 ir sveik\u0173 produkt\u0173 internetin\u0117 parduotuv\u0117.<\/strong><\/h3><\/h2>\t\t\t\t<\/div>\n\t\t\t\t<\/div>\n\t\t\t\t<div class=\"elementor-element elementor-element-f4a3cf9 elementor-widget elementor-widget-video\" data-id=\"f4a3cf9\" data-element_type=\"widget\" data-settings=\"{&quot;youtube_url&quot;:&quot;https:\\\/\\\/youtu.be\\\/pbM0l7rTG6w&quot;,&quot;video_type&quot;:&quot;youtube&quot;,&quot;controls&quot;:&quot;yes&quot;}\" data-widget_type=\"video.default\">\n\t\t\t\t<div class=\"elementor-widget-container\">\n\t\t\t\t\t\t\t<div class=\"elementor-wrapper elementor-open-inline\">\n\t\t\t<div class=\"elementor-video\"><\/div>\t\t<\/div>\n\t\t\t\t\t\t<\/div>\n\t\t\t\t<\/div>\n\t\t\t\t<div class=\"elementor-element elementor-element-224239a2 elementor-widget elementor-widget-text-editor\" data-id=\"224239a2\" data-element_type=\"widget\" data-widget_type=\"text-editor.default\">\n\t\t\t\t<div class=\"elementor-widget-container\">\n\t\t\t\t\t\t\t\t\t<p style=\"margin-top: 18px; margin-bottom: 0in; padding: 0px; line-height: 1.5; color: #482700; font-family: Verdana;\">Esame \u0161eima su trimis vaikais, jau de\u0161imtmet\u012f dirbantys su prieskoniais, arbatomis ir \u012fvairiausiais nat\u016braliais produktais. \u041c\u044b \u043e\u0447\u0435\u043d\u044c \u043b\u044e\u0431\u0438\u043c \u0438 \u0446\u0435\u043d\u0438\u043c \u043d\u0430\u0442\u0443\u0440\u0430\u043b\u044c\u043d\u044b\u0435, \u043a\u0430\u0447\u0435\u0441\u0442\u0432\u0435\u043d\u043d\u044b\u0435, \u043f\u043e\u043b\u0435\u0437\u043d\u044b\u0435 \u0434\u043b\u044f \u0437\u0434\u043e\u0440\u043e\u0432\u044c\u044f \u043f\u0440\u043e\u0434\u0443\u043a\u0442\u044b. \u041c\u044b \u0445\u043e\u0442\u0438\u043c \u0441\u0430\u043c\u0438 \u043f\u043e\u043b\u044c\u0437\u043e\u0432\u0430\u0442\u044c\u0441\u044f \u0445\u043e\u0440\u043e\u0448\u0435\u0439 \u043f\u0440\u043e\u0434\u0443\u043a\u0446\u0438\u0435\u0439 \u0438 \u043f\u0440\u0435\u0434\u043b\u0430\u0433\u0430\u0435\u043c \u0412\u0430\u043c \u0432\u043e\u0437\u043c\u043e\u0436\u043d\u043e\u0441\u0442\u044c \u043f\u0440\u0438\u043e\u0431\u0440\u0435\u0442\u0430\u0442\u044c \u043a\u0430\u0447\u0435\u0441\u0442\u0432\u0435\u043d\u043d\u044b\u0439 \u0442\u043e\u0432\u0430\u0440. \u041f\u043e\u044d\u0442\u043e\u043c\u0443 \u0431\u044b\u043b \u0441\u043e\u0437\u0434\u0430\u043d \u0438\u043d\u0442\u0435\u0440\u043d\u0435\u0442-\u043c\u0430\u0433\u0430\u0437\u0438\u043d \u043f\u0440\u043e\u0434\u0443\u043a\u0442\u043e\u0432 \u043f\u0438\u0442\u0430\u043d\u0438\u044f \u0438 \u0434\u0440\u0443\u0433\u0438\u0445 \u043d\u0430\u0442\u0443\u0440\u0430\u043b\u044c\u043d\u044b\u0445 \u043f\u0440\u043e\u0434\u0443\u043a\u0442\u043e\u0432, \u043f\u0440\u043e\u0438\u0437\u0432\u043e\u0434\u0438\u043c\u044b\u0445 \u043c\u0435\u043b\u043a\u0438\u043c\u0438 \u0444\u0435\u0440\u043c\u0435\u0440\u0441\u043a\u0438\u043c\u0438 \u0445\u043e\u0437\u044f\u0439\u0441\u0442\u0432\u0430\u043c\u0438 \u0438 \u0441\u0435\u043c\u0435\u0439\u043d\u044b\u043c \u0431\u0438\u0437\u043d\u0435\u0441\u043e\u043c. \u041c\u044b \u043e\u0447\u0435\u043d\u044c \u0445\u043e\u0440\u043e\u0448\u043e \u0437\u043d\u0430\u0435\u043c \u043d\u0430\u0448\u0438\u0445 \u043f\u043e\u0441\u0442\u0430\u0432\u0449\u0438\u043a\u043e\u0432 \u0438 \u0438\u0445 \u043f\u0440\u043e\u0434\u0443\u043a\u0446\u0438\u044e, \u043f\u043e\u044d\u0442\u043e\u043c\u0443 \u043c\u043e\u0436\u0435\u043c \u043f\u0440\u0435\u0434\u043b\u043e\u0436\u0438\u0442\u044c \u0412\u0430\u043c \u0441\u0438\u0441\u0442\u0435\u043c\u0443 \u043a\u0430\u0447\u0435\u0441\u0442\u0432\u0435\u043d\u043d\u043e\u0433\u043e \u043e\u0431\u0441\u043b\u0443\u0436\u0438\u0432\u0430\u043d\u0438\u044f (\u043a\u043e\u043d\u0441\u0443\u043b\u044c\u0442\u0438\u0440\u043e\u0432\u0430\u043d\u0438\u044f). \u041c\u044b \u0438\u0441\u043a\u0440\u0435\u043d\u043d\u0435 \u043f\u0440\u043e\u043a\u043e\u043d\u0441\u0443\u043b\u044c\u0442\u0438\u0440\u0443\u0435\u043c \u0438 \u043f\u043e\u043c\u043e\u0436\u0435\u043c \u0441 \u0432\u044b\u0431\u043e\u0440\u043e\u043c.<\/p>\n<p style=\"margin-top: 18px; margin-bottom: 0in; padding: 0px; line-height: 1.5; color: #482700; font-family: Verdana;\">\u041f\u0440\u043e\u0434\u0443\u043a\u0446\u0438\u044f \u0442\u043e\u0440\u0433\u043e\u0432\u043e\u0439 \u043c\u0430\u0440\u043a\u0438 <b>\u00ab\u041f\u0430\u0441 \u0411\u043e\u0431\u0443\u0442\u0435\u00bb<\/b>:<\/p>\n<p style=\"margin-top: 18px; margin-bottom: 0in; padding: 0px; line-height: 1.5; color: #482700; font-family: Verdana;\">&#8212; <b>\u041f\u0440\u043e\u0434\u0443\u043a\u0442\u044b \u043a\u0430\u043d\u043d\u0430\u0431\u0438\u0441\u0430<\/b>. \u041c\u044b \u0441\u043e\u0437\u0434\u0430\u043b\u0438 \u043e\u0447\u0435\u043d\u044c \u0448\u0438\u0440\u043e\u043a\u0443\u044e \u043b\u0438\u043d\u0435\u0439\u043a\u0443 \u043f\u0440\u043e\u0434\u0443\u043a\u0442\u043e\u0432 \u0438\u0437 \u043a\u043b\u0435\u0442\u0447\u0430\u0442\u043a\u0438 \u043a\u043e\u043d\u043e\u043f\u043b\u0438, \u0433\u0434\u0435 \u0432\u044b \u043d\u0430\u0439\u0434\u0435\u0442\u0435 \u043d\u0435 \u0442\u043e\u043b\u044c\u043a\u043e \u0447\u0430\u0439 \u0438\u043b\u0438 \u043f\u0440\u043e\u0442\u0435\u0438\u043d\u044b, \u043d\u043e \u0438 \u0442\u043e\u0432\u0430\u0440\u044b \u0434\u043b\u044f \u0443\u0445\u043e\u0434\u0430 \u0437\u0430 \u0442\u0435\u043b\u043e\u043c, \u0441\u0430\u0443\u043d\u043e\u0439 \u0438 \u0437\u0434\u043e\u0440\u043e\u0432\u044c\u0435\u043c. \u041c\u044b \u043e\u0447\u0435\u043d\u044c \u0438\u043d\u0442\u0435\u0440\u0435\u0441\u0443\u0435\u043c\u0441\u044f \u043a\u043e\u043d\u043e\u043f\u043b\u0435\u0439, \u043f\u043e\u044d\u0442\u043e\u043c\u0443 \u0431\u0443\u0434\u0435\u043c \u0440\u0430\u0434\u044b \u043f\u043e\u0434\u0435\u043b\u0438\u0442\u044c\u0441\u044f \u0441 \u0432\u0430\u043c\u0438 \u0441\u0432\u043e\u0438\u043c\u0438 \u0437\u043d\u0430\u043d\u0438\u044f\u043c\u0438, \u0434\u0430\u0442\u044c \u0441\u043e\u0432\u0435\u0442\u044b \u043e \u0442\u043e\u043c, \u043a\u0430\u043a \u0438\u0441\u043f\u043e\u043b\u044c\u0437\u043e\u0432\u0430\u0442\u044c \u043f\u0440\u043e\u0434\u0443\u043a\u0442\u044b \u0438\u0437 \u043a\u043e\u043d\u043e\u043f\u043b\u0438 \u043d\u0430 \u043a\u0443\u0445\u043d\u0435 \u0438\u043b\u0438 \u0434\u043b\u044f \u0443\u043b\u0443\u0447\u0448\u0435\u043d\u0438\u044f \u0437\u0434\u043e\u0440\u043e\u0432\u044c\u044f, \u0430 \u0442\u0430\u043a\u0436\u0435 \u043a\u0430\u043a \u043e\u0442\u043b\u0438\u0447\u0438\u0442\u044c \u043f\u043e\u043b\u044c\u0437\u0443 \u043c\u0430\u0441\u043b\u0430 \u0441\u0435\u043c\u044f\u043d \u043a\u043e\u043d\u043e\u043f\u043b\u0438 \u043e\u0442 \u043a\u043e\u043d\u043e\u043f\u043b\u044f\u043d\u043e\u0433\u043e \u043c\u0430\u0441\u043b\u0430 ( \u041a\u0411\u0414).<\/p>\n<p style=\"margin-top: 18px; margin-bottom: 0in; padding: 0px; line-height: 1.5; color: #482700; font-family: Verdana;\">&#8212; <b>\u0427\u0430\u0438<\/b>. \u041f\u043e\u043f\u0440\u043e\u0431\u043e\u0432\u0430\u0432 \u043d\u0430\u0448\u0438 \u0447\u0430\u0438, \u0432\u044b \u043f\u043e\u0439\u043c\u0435\u0442\u0435, \u043f\u043e\u0447\u0435\u043c\u0443 \u043c\u044b \u0432\u044b\u0431\u0440\u0430\u043b\u0438 \u0438\u0445. \u0421\u0440\u0435\u0434\u0438 \u043e\u0433\u0440\u043e\u043c\u043d\u043e\u0433\u043e \u043f\u0440\u0435\u0434\u043b\u043e\u0436\u0435\u043d\u0438\u044f \u0432 \u043c\u0438\u0440\u0435 \u043c\u044b \u0432\u044b\u0431\u0440\u0430\u043b\u0438 \u0441\u0430\u043c\u044b\u0435 \u043a\u0430\u0447\u0435\u0441\u0442\u0432\u0435\u043d\u043d\u044b\u0435, \u0434\u0435\u043b\u0438\u043a\u0430\u0442\u043d\u043e \u0430\u0440\u043e\u043c\u0430\u0442\u0438\u0437\u0438\u0440\u043e\u0432\u0430\u043d\u043d\u044b\u0435 \u0442\u0440\u0430\u0434\u0438\u0446\u0438\u043e\u043d\u043d\u044b\u0435 (\u0431\u0435\u043b\u044b\u0439, \u0447\u0435\u0440\u043d\u044b\u0439 \u0438 \u0437\u0435\u043b\u0435\u043d\u044b\u0439 \u0447\u0430\u0439), \u043f\u0440\u044f\u043d\u044b\u0435 \u0438 \u0440\u0430\u0437\u043b\u0438\u0447\u043d\u044b\u0435 \u0442\u0440\u0430\u0432\u044f\u043d\u044b\u0435 \u0447\u0430\u0438.<\/p>\n<p style=\"margin-top: 18px; margin-bottom: 0in; padding: 0px; line-height: 1.5; color: #482700; font-family: Verdana;\">&#8212; <b>\u0421\u043f\u0435\u0446\u0438\u0438<\/b>. \u0421\u0440\u0435\u0434\u0438 \u0448\u0438\u0440\u043e\u043a\u043e\u0433\u043e \u0432\u044b\u0431\u043e\u0440\u0430 \u0447\u0438\u0441\u0442\u044b\u0445 \u043d\u0430\u0442\u0443\u0440\u0430\u043b\u044c\u043d\u044b\u0445 \u0441\u043f\u0435\u0446\u0438\u0439 \u043c\u044b \u043f\u0440\u0435\u0434\u043b\u0430\u0433\u0430\u0435\u043c \u0432\u0430\u043c \u043f\u043e\u043f\u0440\u043e\u0431\u043e\u0432\u0430\u0442\u044c \u043d\u0430\u0448\u0438 \u043d\u0430\u0442\u0443\u0440\u0430\u043b\u044c\u043d\u044b\u0435 \u0441\u043c\u0435\u0441\u0438 \u0431\u0435\u0437 \u0441\u043e\u043b\u0438 \u0438 \u0430\u0440\u043e\u043c\u0430\u0442\u0438\u0437\u0430\u0442\u043e\u0440\u043e\u0432. \u041c\u044b \u0432\u0435\u0440\u0438\u043c, \u0447\u0442\u043e \u0441\u043c\u043e\u0436\u0435\u043c \u0432\u0430\u0441 \u0443\u0434\u0438\u0432\u0438\u0442\u044c.. \ud83d\ude42 \u0412\u044b \u0432\u0441\u0435\u0433\u0434\u0430 \u043c\u043e\u0436\u0435\u0442\u0435 \u043f\u043e\u043f\u0440\u043e\u0441\u0438\u0442\u044c \u0441\u043e\u0432\u0435\u0442\u0430 \u043f\u043e \u043f\u043e\u0432\u043e\u0434\u0443 \u0436\u0435\u043b\u0430\u0435\u043c\u043e\u0439 \u0438\u043c\u043f\u0440\u043e\u0432\u0438\u0437\u0430\u0446\u0438\u0438 \u043d\u0430 \u043a\u0443\u0445\u043d\u0435 \u0438\u043b\u0438 \u0438\u0441\u043f\u043e\u043b\u044c\u0437\u043e\u0432\u0430\u043d\u0438\u044f \u0441\u043f\u0435\u0446\u0438\u0439 \u0434\u043b\u044f \u0443\u043b\u0443\u0447\u0448\u0435\u043d\u0438\u044f \u0437\u0434\u043e\u0440\u043e\u0432\u044c\u044f.<\/p>\n<p style=\"margin-top: 18px; margin-bottom: 0in; padding: 0px; line-height: 1.5; color: #482700; font-family: Verdana;\"> <b>\u041a\u0430\u0436\u0434\u044b\u0439 \u0434\u0435\u043d\u044c \u043c\u044b \u0441\u043e\u0437\u0434\u0430\u0435\u043c, \u0438\u0449\u0435\u043c, \u043f\u0440\u043e\u0431\u0443\u0435\u043c<\/b> \u0447\u0442\u043e-\u0442\u043e \u043d\u043e\u0432\u043e\u0435&#8230; \u044d\u0442\u043e \u043a\u0430\u043a \u043f\u0440\u0438\u0432\u044b\u0447\u043a\u0430 \u0438 \u043d\u0430\u0448\u0435 \u043e\u0431\u044b\u0447\u043d\u043e\u0435 \u0437\u0430\u043d\u044f\u0442\u0438\u0435 \ud83d\ude42 \u041f\u043e\u044d\u0442\u043e\u043c\u0443 \u043c\u044b \u043f\u043e\u0441\u0442\u043e\u044f\u043d\u043d\u043e \u0432\u0432\u043e\u0434\u0438\u043c \u043d\u043e\u0432\u0438\u043d\u043a\u0438 \u0432 \u043d\u0430\u0448 \u0430\u0441\u0441\u043e\u0440\u0442\u0438\u043c\u0435\u043d\u0442. \u0412\u044b \u0432\u0441\u0435\u0433\u0434\u0430 \u043c\u043e\u0436\u0435\u0442\u0435 \u043f\u043e\u0441\u0435\u0442\u0438\u0442\u044c \u043d\u0430\u0448 \u043c\u0430\u0433\u0430\u0437\u0438\u043d \u0438 \u043f\u0440\u043e\u0434\u0435\u0433\u0443\u0441\u0442\u0438\u0440\u043e\u0432\u0430\u0442\u044c, \u043e\u0437\u043d\u0430\u043a\u043e\u043c\u0438\u0442\u044c\u0441\u044f \u0441 \u043d\u0430\u0448\u0435\u0439 \u043f\u0440\u043e\u0434\u0443\u043a\u0446\u0438\u0435\u0439 \u0438 \u0435\u0435 \u0430\u0440\u043e\u043c\u0430\u0442\u0430\u043c\u0438. \u0412\u044b \u0432\u0441\u0435\u0433\u0434\u0430 \u043c\u043e\u0436\u0435\u0442\u0435 \u043f\u043e\u0441\u0435\u0442\u0438\u0442\u044c \u043d\u0430\u0448 \u043c\u0430\u0433\u0430\u0437\u0438\u043d \u0438 \u043f\u0440\u043e\u0434\u0435\u0433\u0443\u0441\u0442\u0438\u0440\u043e\u0432\u0430\u0442\u044c, \u043e\u0437\u043d\u0430\u043a\u043e\u043c\u0438\u0442\u044c\u0441\u044f \u0441 \u043d\u0430\u0448\u0435\u0439 \u043f\u0440\u043e\u0434\u0443\u043a\u0446\u0438\u0435\u0439 \u0438 \u0435\u0435 \u0430\u0440\u043e\u043c\u0430\u0442\u0430\u043c\u0438.<\/p>\n<p style=\"margin-top: 18px; margin-bottom: 0in; padding: 0px; line-height: 1.5; color: #482700; font-family: Verdana;\"><strong style=\"margin: 0px; padding: 0px;\">\u041d\u0430\u0448\u0430 \u0446\u0435\u043b\u044c<\/strong> \u2013 \u043d\u0430\u0439\u0442\u0438 \u0435\u0434\u0438\u043d\u043e\u043c\u044b\u0448\u043b\u0435\u043d\u043d\u0438\u043a\u043e\u0432, \u0434\u0440\u0443\u0437\u0435\u0439, \u0441 \u043a\u043e\u0442\u043e\u0440\u044b\u043c\u0438 \u043c\u043e\u0436\u043d\u043e \u043e\u0431\u0449\u0430\u0442\u044c\u0441\u044f \u0438 \u0441\u043e\u0442\u0440\u0443\u0434\u043d\u0438\u0447\u0430\u0442\u044c. \u041c\u044b \u0441\u0442\u0440\u0435\u043c\u0438\u043c\u0441\u044f \u043a \u0442\u043e\u043c\u0443, \u0447\u0442\u043e\u0431\u044b, \u043a\u0443\u043f\u0438\u0432 \u0442\u043e\u0432\u0430\u0440 \u0432 \u043d\u0430\u0448\u0435\u043c \u0438\u043d\u0442\u0435\u0440\u043d\u0435\u0442-\u043c\u0430\u0433\u0430\u0437\u0438\u043d\u0435, \u0432\u044b \u043f\u043e\u043b\u0443\u0447\u0438\u043b\u0438 \u0432\u0441\u044e \u0438\u043d\u0442\u0435\u0440\u0435\u0441\u0443\u044e\u0449\u0443\u044e \u0432\u0430\u0441 \u0438\u043d\u0444\u043e\u0440\u043c\u0430\u0446\u0438\u044e \u0438 \u043a\u043e\u043d\u0441\u0443\u043b\u044c\u0442\u0430\u0446\u0438\u044e, \u0447\u0442\u043e\u0431\u044b \u0432\u0430\u043c \u0437\u0430\u0445\u043e\u0442\u0435\u043b\u043e\u0441\u044c \u0432\u0435\u0440\u043d\u0443\u0442\u044c\u0441\u044f \u0441\u044e\u0434\u0430 \u0441\u043d\u043e\u0432\u0430.<\/p>\n<p style=\"margin-top: 18px; margin-bottom: 0in; padding: 0px; line-height: 1.5; color: #482700; font-family: Verdana;\">\u041c\u044b \u0441\u0442\u0440\u0435\u043c\u0438\u043c\u0441\u044f \u0434\u043e\u0441\u0442\u0430\u0432\u0438\u0442\u044c \u0432\u0430\u043c \u0443\u0434\u043e\u0432\u043e\u043b\u044c\u0441\u0442\u0432\u0438\u0435.<\/p>\n<p style=\"margin-top: 18px; margin-bottom: 0in; padding: 0px; line-height: 1.5; color: #482700; font-family: Verdana;\"><b>\u041c\u044b \u043f\u043e\u043b\u043e\u0436\u0438\u0442\u0435\u043b\u044c\u043d\u043e \u0432\u043b\u0438\u044f\u0435\u043c \u043d\u0430 \u0432\u0430\u0448\u0435 \u0437\u0434\u043e\u0440\u043e\u0432\u044c\u0435&#8230;<\/b><\/p>\n\n<h3 style=\"margin-top: 18px; margin-bottom: 0in; padding: 0px; line-height: 1.5; color: #482700; font-family: Verdana;\"><strong style=\"margin: 0px; padding: 0px;\">\u041e \u0434\u043e\u0441\u0442\u0430\u0432\u043a\u0435:<\/strong><\/h3>\n<p style=\"margin-top: 18px; margin-bottom: 0in; padding: 0px; line-height: 1.5; color: #482700; font-family: Verdana;\">\u0414\u043e\u0441\u0442\u0430\u0432\u043b\u044f\u0435\u043c \u043f\u0440\u043e\u0434\u0443\u043a\u0446\u0438\u044e \u043f\u043e\u0447\u0442\u043e\u0439, \u043f\u043e\u0447\u0442\u043e\u0432\u044b\u043c\u0438 \u0430\u0432\u0442\u043e\u043c\u0430\u0442\u0430\u043c\u0438. \u0422\u0430\u043a\u0438\u043c \u043e\u0431\u0440\u0430\u0437\u043e\u043c, \u0432\u044b \u0441\u043c\u043e\u0436\u0435\u0442\u0435 \u0437\u0430\u0431\u0440\u0430\u0442\u044c \u0442\u043e\u0432\u0430\u0440 \u0432 \u0431\u043b\u0438\u0436\u0430\u0439\u0448\u0435\u043c \u043e\u0442\u0434\u0435\u043b\u0435\u043d\u0438\u0438 \u0432 \u0443\u0434\u043e\u0431\u043d\u043e\u0435 \u0434\u043b\u044f \u0432\u0430\u0441 \u0432\u0440\u0435\u043c\u044f.\n\u041c\u044b \u043e\u0442\u043f\u0440\u0430\u0432\u043b\u044f\u0435\u043c \u0442\u043e\u0432\u0430\u0440\u044b \u043f\u043e \u0432\u0441\u0435\u043c\u0443 \u043c\u0438\u0440\u0443, \u0433\u0434\u0435 \u0431\u044b \u0432\u044b \u043d\u0438 \u0436\u0438\u043b\u0438, \u043b\u0438\u0448\u044c \u0431\u044b \u043f\u043e\u0447\u0442\u0430 \u0434\u043e\u0448\u043b\u0430 \u0434\u043e \u0432\u0430\u0441&#8230;:)<\/p>\n<p style=\"margin-top: 18px; margin-bottom: 0in; padding: 0px; line-height: 1.5; color: #482700; font-family: Verdana;\"><b>\u0421 \u0443\u0432\u0430\u0436\u0435\u043d\u0438\u0435\u043c, <\/b><\/p>\n<p style=\"margin-top: 18px; margin-bottom: 0in; padding: 0px; line-height: 1.5; color: #482700; font-family: Verdana;\"><b>\u0417\u0410\u041e \u00ab\u041f\u0430\u0441 \u0411\u043e\u0431\u0443\u0442\u044d\u00bb\n<\/b><\/p>\t\t\t\t\t\t\t\t<\/div>\n\t\t\t\t<\/div>\n\t\t\t\t\t<\/div>\n\t\t\t\t<\/div>\n\t\t\t\t<\/div>\n\t\t","protected":false},"excerpt":{"rendered":"<p>UAB \u201ePas Bobut\u0119\u201c- nat\u016brali\u0173 ir sveik\u0173 produkt\u0173 internetin\u0117 parduotuv\u0117. https:\/\/youtu.be\/pbM0l7rTG6w Esame \u0161eima su trimis vaikais, jau de\u0161imtmet\u012f dirbantys su prieskoniais, arbatomis ir \u012fvairiausiais nat\u016braliais produktais. \u041c\u044b \u043e\u0447\u0435\u043d\u044c \u043b\u044e\u0431\u0438\u043c \u0438 \u0446\u0435\u043d\u0438\u043c \u043d\u0430\u0442\u0443\u0440\u0430\u043b\u044c\u043d\u044b\u0435, \u043a\u0430\u0447\u0435\u0441\u0442\u0432\u0435\u043d\u043d\u044b\u0435, \u043f\u043e\u043b\u0435\u0437\u043d\u044b\u0435 \u0434\u043b\u044f \u0437\u0434\u043e\u0440\u043e\u0432\u044c\u044f \u043f\u0440\u043e\u0434\u0443\u043a\u0442\u044b. \u041c\u044b \u0445\u043e\u0442\u0438\u043c \u0441\u0430\u043c\u0438 \u043f\u043e\u043b\u044c\u0437\u043e\u0432\u0430\u0442\u044c\u0441\u044f \u0445\u043e\u0440\u043e\u0448\u0435\u0439 \u043f\u0440\u043e\u0434\u0443\u043a\u0446\u0438\u0435\u0439 \u0438 \u043f\u0440\u0435\u0434\u043b\u0430\u0433\u0430\u0435\u043c \u0412\u0430\u043c \u0432\u043e\u0437\u043c\u043e\u0436\u043d\u043e\u0441\u0442\u044c \u043f\u0440\u0438\u043e\u0431\u0440\u0435\u0442\u0430\u0442\u044c \u043a\u0430\u0447\u0435\u0441\u0442\u0432\u0435\u043d\u043d\u044b\u0439 \u0442\u043e\u0432\u0430\u0440. \u041f\u043e\u044d\u0442\u043e\u043c\u0443 \u0431\u044b\u043b \u0441\u043e\u0437\u0434\u0430\u043d \u0438\u043d\u0442\u0435\u0440\u043d\u0435\u0442-\u043c\u0430\u0433\u0430\u0437\u0438\u043d \u043f\u0440\u043e\u0434\u0443\u043a\u0442\u043e\u0432 \u043f\u0438\u0442\u0430\u043d\u0438\u044f&hellip;<\/p>\n","protected":false},"author":1,"featured_media":0,"parent":0,"menu_order":1,"comment_status":"closed","ping_status":"closed","template":"","meta":{"footnotes":""},"class_list":["post-57094","page","type-page","status-publish","hentry"],"aioseo_notices":[],"_links":{"self":[{"href":"https:\/\/pasbobute.lt\/ru\/wp-json\/wp\/v2\/pages\/57094","targetHints":{"allow":["GET"]}}],"collection":[{"href":"https:\/\/pasbobute.lt\/ru\/wp-json\/wp\/v2\/pages"}],"about":[{"href":"https:\/\/pasbobute.lt\/ru\/wp-json\/wp\/v2\/types\/page"}],"author":[{"embeddable":true,"href":"https:\/\/pasbobute.lt\/ru\/wp-json\/wp\/v2\/users\/1"}],"replies":[{"embeddable":true,"href":"https:\/\/pasbobute.lt\/ru\/wp-json\/wp\/v2\/comments?post=57094"}],"version-history":[{"count":0,"href":"https:\/\/pasbobute.lt\/ru\/wp-json\/wp\/v2\/pages\/57094\/revisions"}],"wp:attachment":[{"href":"https:\/\/pasbobute.lt\/ru\/wp-json\/wp\/v2\/media?parent=57094"}],"curies":[{"name":"wp","href":"https:\/\/api.w.org\/{rel}","templated":true}]}}