{"id":57166,"date":"2021-11-24T18:35:10","date_gmt":"2021-11-24T16:35:10","guid":{"rendered":"https:\/\/2.demo.its360.lt\/%d0%ba%d0%be%d1%80%d0%b7%d0%b8%d0%bd%d0%b0\/"},"modified":"2024-03-14T23:15:49","modified_gmt":"2024-03-14T21:15:49","slug":"%d0%ba%d0%be%d1%80%d0%b7%d0%b8%d0%bd%d0%b0","status":"publish","type":"page","link":"https:\/\/pasbobute.lt\/ru\/%d0%ba%d0%be%d1%80%d0%b7%d0%b8%d0%bd%d0%b0\/","title":{"rendered":"\u041a\u043e\u0440\u0437\u0438\u043d\u0430"},"content":{"rendered":"\t\t<div data-elementor-type=\"wp-page\" data-elementor-id=\"57166\" class=\"elementor elementor-57166 elementor-54531\" data-elementor-post-type=\"page\">\n\t\t\t\t\t\t<section class=\"elementor-section elementor-top-section elementor-element elementor-element-287015f elementor-section-boxed elementor-section-height-default elementor-section-height-default\" data-id=\"287015f\" data-element_type=\"section\">\n\t\t\t\t\t\t<div class=\"elementor-container elementor-column-gap-wide\">\n\t\t\t\t\t<div class=\"elementor-column elementor-col-100 elementor-top-column elementor-element elementor-element-869143d\" data-id=\"869143d\" data-element_type=\"column\">\n\t\t\t<div class=\"elementor-widget-wrap elementor-element-populated\">\n\t\t\t\t\t\t\t<\/div>\n\t\t<\/div>\n\t\t\t\t\t<\/div>\n\t\t<\/section>\n\t\t\t\t<\/div>\n\t\t","protected":false},"excerpt":{"rendered":"<p>Pa\u0161alinti prek\u0119 Thumbnail image Produktas Kaina Kiekis Suma &times; Svaraini\u0173 sirupas arbatai su aviet\u0117mis ir imbieru 7,00&nbsp;&euro; produkto kiekis: Svaraini\u0173 sirupas arbatai su aviet\u0117mis ir imbieru&nbsp; 14,00&nbsp;&euro; &times; Svaraini\u0173 sirupas arbatai su aviet\u0117mis 7,00&nbsp;&euro; produkto kiekis: Svaraini\u0173 sirupas arbatai su aviet\u0117mis &nbsp; 7,00&nbsp;&euro; &times; Dovan\u0173 rinkinys &#171;\u0160altalankis&#187; 19,00&nbsp;&euro; produkto kiekis: Dovan\u0173 rinkinys &quot;\u0160altalankis&quot;&nbsp; 38,00&nbsp;&euro; \u041f\u0440\u0438\u043c\u0435\u043d\u044f\u0442\u044c&hellip;<\/p>\n","protected":false},"author":1,"featured_media":0,"parent":0,"menu_order":200,"comment_status":"closed","ping_status":"closed","template":"","meta":{"footnotes":""},"class_list":["post-57166","page","type-page","status-publish","hentry"],"aioseo_notices":[],"_links":{"self":[{"href":"https:\/\/pasbobute.lt\/ru\/wp-json\/wp\/v2\/pages\/57166","targetHints":{"allow":["GET"]}}],"collection":[{"href":"https:\/\/pasbobute.lt\/ru\/wp-json\/wp\/v2\/pages"}],"about":[{"href":"https:\/\/pasbobute.lt\/ru\/wp-json\/wp\/v2\/types\/page"}],"author":[{"embeddable":true,"href":"https:\/\/pasbobute.lt\/ru\/wp-json\/wp\/v2\/users\/1"}],"replies":[{"embeddable":true,"href":"https:\/\/pasbobute.lt\/ru\/wp-json\/wp\/v2\/comments?post=57166"}],"version-history":[{"count":4,"href":"https:\/\/pasbobute.lt\/ru\/wp-json\/wp\/v2\/pages\/57166\/revisions"}],"predecessor-version":[{"id":58685,"href":"https:\/\/pasbobute.lt\/ru\/wp-json\/wp\/v2\/pages\/57166\/revisions\/58685"}],"wp:attachment":[{"href":"https:\/\/pasbobute.lt\/ru\/wp-json\/wp\/v2\/media?parent=57166"}],"curies":[{"name":"wp","href":"https:\/\/api.w.org\/{rel}","templated":true}]}}