{"id":57687,"date":"2020-07-13T14:40:28","date_gmt":"2020-07-13T12:40:28","guid":{"rendered":"https:\/\/2.demo.its360.lt\/?product=kaip-priversti-badauti-vezi-paciam-nebadaujant-jane-mclelland"},"modified":"2020-07-13T14:41:44","modified_gmt":"2020-07-13T14:41:44","slug":"kaip-priversti-badauti-vezi-paciam-nebadaujant-jane-mclelland","status":"publish","type":"product","link":"https:\/\/pasbobute.lt\/ru\/parduotuve\/k%d0%bd%d0%b8%d0%b3%d0%b8\/kaip-priversti-badauti-vezi-paciam-nebadaujant-jane-mclelland\/","title":{"rendered":"Kaip priversti badaut\u012f ve\u017e\u012f&#8230;pa\u010diam nebadaujant (Jane McLelland)"},"content":{"rendered":"<p>Kaip priversti badaut\u012f ve\u017e\u012f&#8230;pa\u010diam nebadaujant (Jane McLelland)<\/p>\n","protected":false},"excerpt":{"rendered":"<p>Kaip priversti badaut\u012f ve\u017e\u012f&#8230;pa\u010diam nebadaujant (Jane McLelland)<\/p>\n","protected":false},"featured_media":56246,"template":"","meta":[],"product_brand":[],"product_cat":[627],"product_tag":[],"class_list":{"0":"post-57687","1":"product","2":"type-product","3":"status-publish","4":"has-post-thumbnail","6":"product_cat-k","7":"description-off","9":"first","10":"outofstock","11":"purchasable","12":"product-type-simple"},"aioseo_notices":[],"_links":{"self":[{"href":"https:\/\/pasbobute.lt\/ru\/wp-json\/wp\/v2\/product\/57687","targetHints":{"allow":["GET"]}}],"collection":[{"href":"https:\/\/pasbobute.lt\/ru\/wp-json\/wp\/v2\/product"}],"about":[{"href":"https:\/\/pasbobute.lt\/ru\/wp-json\/wp\/v2\/types\/product"}],"version-history":[{"count":0,"href":"https:\/\/pasbobute.lt\/ru\/wp-json\/wp\/v2\/product\/57687\/revisions"}],"wp:featuredmedia":[{"embeddable":true,"href":"https:\/\/pasbobute.lt\/ru\/wp-json\/wp\/v2\/media\/56246"}],"wp:attachment":[{"href":"https:\/\/pasbobute.lt\/ru\/wp-json\/wp\/v2\/media?parent=57687"}],"wp:term":[{"taxonomy":"product_brand","embeddable":true,"href":"https:\/\/pasbobute.lt\/ru\/wp-json\/wp\/v2\/product_brand?post=57687"},{"taxonomy":"product_cat","embeddable":true,"href":"https:\/\/pasbobute.lt\/ru\/wp-json\/wp\/v2\/product_cat?post=57687"},{"taxonomy":"product_tag","embeddable":true,"href":"https:\/\/pasbobute.lt\/ru\/wp-json\/wp\/v2\/product_tag?post=57687"}],"curies":[{"name":"wp","href":"https:\/\/api.w.org\/{rel}","templated":true}]}}