{"id":57735,"date":"2021-12-03T10:33:01","date_gmt":"2021-12-03T08:33:01","guid":{"rendered":"https:\/\/2.demo.its360.lt\/?product=%d1%81%d1%83%d1%88%d0%b5%d0%bd%d1%8b%d0%b5-%d1%8f%d0%b3%d0%be%d0%b4%d1%8b-%d1%82%d1%80%d0%be%d1%81%d1%82%d0%bd%d0%b8%d0%ba%d0%b0"},"modified":"2022-11-01T01:24:41","modified_gmt":"2022-11-01T01:24:41","slug":"%d1%81%d1%83%d1%88%d0%b5%d0%bd%d1%8b%d0%b5-%d1%8f%d0%b3%d0%be%d0%b4%d1%8b-%d1%82%d1%80%d0%be%d1%81%d1%82%d0%bd%d0%b8%d0%ba%d0%b0","status":"publish","type":"product","link":"https:\/\/pasbobute.lt\/ru\/parduotuve\/%d1%81%d1%83%d1%85%d0%be%d1%84%d1%80%d1%83%d0%ba%d1%82%d1%8b-%d0%b8-%d1%8f%d0%b3%d0%be%d0%b4%d1%8b\/%d1%81%d1%83%d1%88%d0%b5%d0%bd%d1%8b%d0%b5-%d1%8f%d0%b3%d0%be%d0%b4%d1%8b-%d1%82%d1%80%d0%be%d1%81%d1%82%d0%bd%d0%b8%d0%ba%d0%b0\/","title":{"rendered":"\u0421\u0443\u0448\u0435\u043d\u044b\u0435 \u044f\u0433\u043e\u0434\u044b \u0442\u0440\u043e\u0441\u0442\u043d\u0438\u043a\u0430"},"content":{"rendered":"<p><b>D\u017eiovintos dumplainio uogos<\/b><\/p>\n<p><\/p>\n<p>Puikiai tiks u\u017ekand\u017eiaujant. Dera prie vyno, rie\u0161ut\u0173, kit\u0173 d\u017eiovint\u0173 vaisi\u0173, s\u016bri\u0173 rinkinio. Be prid\u0117tinio cukraus.<\/p>\n<p><\/p>\n<p>Kilm\u0117s \u0161alis Kolumbija<\/p>\n","protected":false},"excerpt":{"rendered":"<p>D\u017eiovintos dumplainio uogos Puikiai tiks u\u017ekand\u017eiaujant. Dera prie vyno, rie\u0161ut\u0173, kit\u0173 d\u017eiovint\u0173 vaisi\u0173, s\u016bri\u0173 rinkinio. Be prid\u0117tinio cukraus. Kilm\u0117s \u0161alis Kolumbija<\/p>\n","protected":false},"featured_media":56363,"template":"","meta":[],"product_brand":[586],"product_cat":[630],"product_tag":[],"class_list":{"0":"post-57735","1":"product","2":"type-product","3":"status-publish","4":"has-post-thumbnail","6":"product_brand-pas-bobute","7":"product_cat-630","8":"description-off","10":"first","11":"instock","12":"purchasable","13":"product-type-simple"},"aioseo_notices":[],"_links":{"self":[{"href":"https:\/\/pasbobute.lt\/ru\/wp-json\/wp\/v2\/product\/57735","targetHints":{"allow":["GET"]}}],"collection":[{"href":"https:\/\/pasbobute.lt\/ru\/wp-json\/wp\/v2\/product"}],"about":[{"href":"https:\/\/pasbobute.lt\/ru\/wp-json\/wp\/v2\/types\/product"}],"version-history":[{"count":0,"href":"https:\/\/pasbobute.lt\/ru\/wp-json\/wp\/v2\/product\/57735\/revisions"}],"wp:featuredmedia":[{"embeddable":true,"href":"https:\/\/pasbobute.lt\/ru\/wp-json\/wp\/v2\/media\/56363"}],"wp:attachment":[{"href":"https:\/\/pasbobute.lt\/ru\/wp-json\/wp\/v2\/media?parent=57735"}],"wp:term":[{"taxonomy":"product_brand","embeddable":true,"href":"https:\/\/pasbobute.lt\/ru\/wp-json\/wp\/v2\/product_brand?post=57735"},{"taxonomy":"product_cat","embeddable":true,"href":"https:\/\/pasbobute.lt\/ru\/wp-json\/wp\/v2\/product_cat?post=57735"},{"taxonomy":"product_tag","embeddable":true,"href":"https:\/\/pasbobute.lt\/ru\/wp-json\/wp\/v2\/product_tag?post=57735"}],"curies":[{"name":"wp","href":"https:\/\/api.w.org\/{rel}","templated":true}]}}